{"id":24391,"date":"2024-09-09T23:10:09","date_gmt":"2024-09-09T23:10:09","guid":{"rendered":"https:\/\/tusa.viewsite.link\/product\/korrekturglas-fuer-vps-741ja\/"},"modified":"2024-09-09T23:10:09","modified_gmt":"2024-09-09T23:10:09","slug":"korrekturglas-fuer-vps-741ja","status":"publish","type":"product","link":"https:\/\/tusa.viewsite.link\/de\/produkt\/korrekturglas-fuer-vps-741ja\/","title":{"rendered":"Korrekturglas f\u00fcr VPS-741JA"},"content":{"rendered":"<p>Die VC-750A Korrekturgl\u00e4ser sind vielseitige +\/- Korrekturgl\u00e4ser, die mit dem VPS-741JA Teilesatz kombiniert werden k\u00f6nnen, um eine Korrektionsbrille individuell anzupassen. Mit nur zwei Gl\u00e4sern und einem VPS-741A Gurtsatz hat der Schwimmer eine ma\u00dfgeschneiderte Schwimmbrille und eine v\u00f6llig neue Sicht unter Wasser.   <\/p>\n<p>  Erh\u00e4ltlich in 1,0-Dioptrien-Schritten von -2,0 bis -7,0 und in 1,0-Dioptrien-Schritten von 0,0 bis +6,0. Mit einer Vielzahl von +\/- Dioptrien zur Auswahl sind diese Linsen einfach zu montieren und anzupassen.   <\/p>\n<p>  Bitte beachten Sie: Wenn Sie das VPS-741JA Teileset kaufen, ben\u00f6tigen Sie zwei Gl\u00e4ser, um die Brille zu vervollst\u00e4ndigen.<\/p>\n<p>&nbsp;<\/p>\n<p><strong>Abmessungen:<\/strong><\/p>\n<p>Abmessungen: 1 x 4 x 2 Zoll<br \/>\n Gewicht: .1 lb<\/p>\n","protected":false},"excerpt":{"rendered":"<p>Die VC-750A Korrekturgl\u00e4ser sind vielseitige +\/- Korrekturgl\u00e4ser, die mit dem VPS-741JA Ersatzteilset kombiniert werden k\u00f6nnen, um eine Korrektionsbrille individuell zu gestalten.<\/p>\n","protected":false},"featured_media":24393,"comment_status":"closed","ping_status":"closed","template":"","meta":{"_acf_changed":false},"product_cat":[549],"product_tag":[],"class_list":{"0":"post-24391","1":"product","2":"type-product","3":"status-publish","4":"has-post-thumbnail","6":"product_cat-korrekturglaser","8":"first","9":"instock","10":"purchasable","11":"product-type-variable"},"acf":[],"_links":{"self":[{"href":"https:\/\/tusa.viewsite.link\/de\/wp-json\/wp\/v2\/product\/24391","targetHints":{"allow":["GET"]}}],"collection":[{"href":"https:\/\/tusa.viewsite.link\/de\/wp-json\/wp\/v2\/product"}],"about":[{"href":"https:\/\/tusa.viewsite.link\/de\/wp-json\/wp\/v2\/types\/product"}],"replies":[{"embeddable":true,"href":"https:\/\/tusa.viewsite.link\/de\/wp-json\/wp\/v2\/comments?post=24391"}],"wp:featuredmedia":[{"embeddable":true,"href":"https:\/\/tusa.viewsite.link\/de\/wp-json\/wp\/v2\/media\/24393"}],"wp:attachment":[{"href":"https:\/\/tusa.viewsite.link\/de\/wp-json\/wp\/v2\/media?parent=24391"}],"wp:term":[{"taxonomy":"product_cat","embeddable":true,"href":"https:\/\/tusa.viewsite.link\/de\/wp-json\/wp\/v2\/product_cat?post=24391"},{"taxonomy":"product_tag","embeddable":true,"href":"https:\/\/tusa.viewsite.link\/de\/wp-json\/wp\/v2\/product_tag?post=24391"}],"curies":[{"name":"wp","href":"https:\/\/api.w.org\/{rel}","templated":true}]}}