{"id":24385,"date":"2024-09-09T23:10:09","date_gmt":"2024-09-09T23:10:09","guid":{"rendered":"https:\/\/tusa.viewsite.link\/product\/swipe-korrekturlinse\/"},"modified":"2024-09-09T23:10:09","modified_gmt":"2024-09-09T23:10:09","slug":"swipe-korrekturlinse","status":"publish","type":"product","link":"https:\/\/tusa.viewsite.link\/de\/produkt\/swipe-korrekturlinse\/","title":{"rendered":"SWIPE Korrekturlinse"},"content":{"rendered":"<p>Die VC580AS SWIPE Korrekturgl\u00e4ser sind vielseitige +\/- Korrekturgl\u00e4ser, die mit dem VPS570A Ersatzteilset kombiniert werden k\u00f6nnen, um eine individuelle Schwimmbrille herzustellen. Mit nur zwei Gl\u00e4sern und einem VPS570A-Bandkit hat der Schwimmer eine ma\u00dfgeschneiderte SWIPE Anti-Fog-Brille und eine v\u00f6llig neue Sicht unter Wasser. &#8222;SWIPE ANTI-FOG&#8220; kann die Gl\u00e4ser mit ein paar Fingerstrichen reinigen und die klare Sicht wird wiederhergestellt.    <\/p>\n<p>  Bitte beachten Sie: Wenn Sie das VPS570A Teileset kaufen, ben\u00f6tigen Sie zwei Gl\u00e4ser, um die Brille zu vervollst\u00e4ndigen.<\/p>\n<p>&nbsp;<\/p>\n<p><strong>Abmessungen:<\/strong><\/p>\n<p>.04 lb<\/p>\n","protected":false},"excerpt":{"rendered":"<p>Die VC580AS SWIPE Korrekturgl\u00e4ser sind vielseitige +\/- Korrekturgl\u00e4ser, die mit dem VPS570A Ersatzteilset kombiniert werden k\u00f6nnen, um eine Korrektionsbrille individuell zu gestalten.<\/p>\n","protected":false},"featured_media":24386,"comment_status":"closed","ping_status":"closed","template":"","meta":{"_acf_changed":false},"product_cat":[549],"product_tag":[],"class_list":{"0":"post-24385","1":"product","2":"type-product","3":"status-publish","4":"has-post-thumbnail","6":"product_cat-korrekturglaser","8":"first","9":"instock","10":"purchasable","11":"product-type-variable"},"acf":[],"_links":{"self":[{"href":"https:\/\/tusa.viewsite.link\/de\/wp-json\/wp\/v2\/product\/24385","targetHints":{"allow":["GET"]}}],"collection":[{"href":"https:\/\/tusa.viewsite.link\/de\/wp-json\/wp\/v2\/product"}],"about":[{"href":"https:\/\/tusa.viewsite.link\/de\/wp-json\/wp\/v2\/types\/product"}],"replies":[{"embeddable":true,"href":"https:\/\/tusa.viewsite.link\/de\/wp-json\/wp\/v2\/comments?post=24385"}],"wp:featuredmedia":[{"embeddable":true,"href":"https:\/\/tusa.viewsite.link\/de\/wp-json\/wp\/v2\/media\/24386"}],"wp:attachment":[{"href":"https:\/\/tusa.viewsite.link\/de\/wp-json\/wp\/v2\/media?parent=24385"}],"wp:term":[{"taxonomy":"product_cat","embeddable":true,"href":"https:\/\/tusa.viewsite.link\/de\/wp-json\/wp\/v2\/product_cat?post=24385"},{"taxonomy":"product_tag","embeddable":true,"href":"https:\/\/tusa.viewsite.link\/de\/wp-json\/wp\/v2\/product_tag?post=24385"}],"curies":[{"name":"wp","href":"https:\/\/api.w.org\/{rel}","templated":true}]}}