{"id":24376,"date":"2024-09-09T23:09:52","date_gmt":"2024-09-09T23:09:52","guid":{"rendered":"https:\/\/tusa.viewsite.link\/product\/swipe-aile-gespiegelt\/"},"modified":"2024-09-09T23:09:52","modified_gmt":"2024-09-09T23:09:52","slug":"swipe-aile-gespiegelt","status":"publish","type":"product","link":"https:\/\/tusa.viewsite.link\/de\/produkt\/swipe-aile-gespiegelt\/","title":{"rendered":"Swipe Aile &#8211; Gespiegelt"},"content":{"rendered":"<p>Rennfahrerbrille mit Polsterung, die auch beim Eintauchen oder Drehen an ihrem Platz bleibt. Durch die Verbindung zwischen der Haupteinheit und dem Band sitzt sie fest auf dem Gesicht. Kommt mit einem Polster, das sich weich auf dem Gesicht anf\u00fchlt, und wird f\u00fcr Fitness empfohlen. Gebogene Gl\u00e4ser mit niedrigem Profil f\u00fcr eine breite Sicht nach links und rechts. Der verstellbare Schieber erm\u00f6glicht eine einfache Anpassung der Bandl\u00e4nge    <\/p>\n<p>&nbsp;<\/p>\n<p><strong>Abmessungen:<\/strong><\/p>\n<p>1.5&#215;5.6 in<br \/>\n.25 lb<\/p>\n","protected":false},"excerpt":{"rendered":"<p>Rennsportbrille mit Polsterung, die auch beim Eintauchen oder Drehen an ihrem Platz bleibt.<\/p>\n","protected":false},"featured_media":24378,"comment_status":"closed","ping_status":"closed","template":"","meta":{"_acf_changed":false},"product_cat":[542,546],"product_tag":[],"class_list":{"0":"post-24376","1":"product","2":"type-product","3":"status-publish","4":"has-post-thumbnail","6":"product_cat-alle-schutzbrillen","7":"product_cat-swipe-de","9":"first","10":"instock","11":"purchasable","12":"product-type-variable"},"acf":[],"_links":{"self":[{"href":"https:\/\/tusa.viewsite.link\/de\/wp-json\/wp\/v2\/product\/24376","targetHints":{"allow":["GET"]}}],"collection":[{"href":"https:\/\/tusa.viewsite.link\/de\/wp-json\/wp\/v2\/product"}],"about":[{"href":"https:\/\/tusa.viewsite.link\/de\/wp-json\/wp\/v2\/types\/product"}],"replies":[{"embeddable":true,"href":"https:\/\/tusa.viewsite.link\/de\/wp-json\/wp\/v2\/comments?post=24376"}],"wp:featuredmedia":[{"embeddable":true,"href":"https:\/\/tusa.viewsite.link\/de\/wp-json\/wp\/v2\/media\/24378"}],"wp:attachment":[{"href":"https:\/\/tusa.viewsite.link\/de\/wp-json\/wp\/v2\/media?parent=24376"}],"wp:term":[{"taxonomy":"product_cat","embeddable":true,"href":"https:\/\/tusa.viewsite.link\/de\/wp-json\/wp\/v2\/product_cat?post=24376"},{"taxonomy":"product_tag","embeddable":true,"href":"https:\/\/tusa.viewsite.link\/de\/wp-json\/wp\/v2\/product_tag?post=24376"}],"curies":[{"name":"wp","href":"https:\/\/api.w.org\/{rel}","templated":true}]}}