{"id":24358,"date":"2024-09-09T23:09:52","date_gmt":"2024-09-09T23:09:52","guid":{"rendered":"https:\/\/tusa.viewsite.link\/product\/imprex\/"},"modified":"2024-09-09T23:09:52","modified_gmt":"2024-09-09T23:09:52","slug":"imprex","status":"publish","type":"product","link":"https:\/\/tusa.viewsite.link\/de\/produkt\/imprex\/","title":{"rendered":"Imprex"},"content":{"rendered":"<p>Ideale Passform f\u00fcr jeden, mit superweicher Polsterung und leicht verstellbaren B\u00e4ndern, die die V-300A Imprex zu einer \u00fcberragenden Komfortbrille machen. Die V-300A wurde speziell f\u00fcr maximalen Komfort entwickelt. Extra lange Augenabdichtungen tragen zu einem bequemeren Sitz bei und verringern auch nach l\u00e4ngerem Gebrauch die Abdr\u00fccke auf Ihrem Gesicht. Die superweichen Augendichtungen machen es einfach, diese Brille \u00fcber einen l\u00e4ngeren Zeitraum hinweg zu tragen. Dank des einfach zu bedienenden Verstellbands l\u00e4sst sich die Brille m\u00fchelos anpassen und verstellen. Das einfache Design erm\u00f6glicht es dem Benutzer, seine ideale Gr\u00f6\u00dfe zu w\u00e4hlen und schneller ins Wasser zu gehen. Der Nasensteg aus Silikon ist ein weiteres Merkmal, das daf\u00fcr sorgt, dass die V-300A bequem und einfach zu benutzen ist.      <\/p>\n<p>&nbsp;<\/p>\n<p><strong>Abmessungen:<\/strong><\/p>\n<p>8,03 x 2,48 x 1,89 Zoll<\/p>\n","protected":false},"excerpt":{"rendered":"<p>Ideale Passform f\u00fcr jeden, mit superweicher Polsterung und leicht verstellbaren B\u00e4ndern, die die V-300A Imprex zu einer \u00fcberragenden Komfortbrille machen.<\/p>\n","protected":false},"featured_media":24360,"comment_status":"closed","ping_status":"closed","template":"","meta":{"_acf_changed":false},"product_cat":[542,545],"product_tag":[],"class_list":{"0":"post-24358","1":"product","2":"type-product","3":"status-publish","4":"has-post-thumbnail","6":"product_cat-alle-schutzbrillen","7":"product_cat-freizeitgestaltung","9":"first","10":"instock","11":"purchasable","12":"product-type-variable"},"acf":[],"_links":{"self":[{"href":"https:\/\/tusa.viewsite.link\/de\/wp-json\/wp\/v2\/product\/24358","targetHints":{"allow":["GET"]}}],"collection":[{"href":"https:\/\/tusa.viewsite.link\/de\/wp-json\/wp\/v2\/product"}],"about":[{"href":"https:\/\/tusa.viewsite.link\/de\/wp-json\/wp\/v2\/types\/product"}],"replies":[{"embeddable":true,"href":"https:\/\/tusa.viewsite.link\/de\/wp-json\/wp\/v2\/comments?post=24358"}],"wp:featuredmedia":[{"embeddable":true,"href":"https:\/\/tusa.viewsite.link\/de\/wp-json\/wp\/v2\/media\/24360"}],"wp:attachment":[{"href":"https:\/\/tusa.viewsite.link\/de\/wp-json\/wp\/v2\/media?parent=24358"}],"wp:term":[{"taxonomy":"product_cat","embeddable":true,"href":"https:\/\/tusa.viewsite.link\/de\/wp-json\/wp\/v2\/product_cat?post=24358"},{"taxonomy":"product_tag","embeddable":true,"href":"https:\/\/tusa.viewsite.link\/de\/wp-json\/wp\/v2\/product_tag?post=24358"}],"curies":[{"name":"wp","href":"https:\/\/api.w.org\/{rel}","templated":true}]}}