{"id":24357,"date":"2024-09-09T23:09:52","date_gmt":"2024-09-09T23:09:52","guid":{"rendered":"https:\/\/tusa.viewsite.link\/product\/swipe-jugend\/"},"modified":"2024-09-09T23:09:52","modified_gmt":"2024-09-09T23:09:52","slug":"swipe-jugend","status":"publish","type":"product","link":"https:\/\/tusa.viewsite.link\/de\/produkt\/swipe-jugend\/","title":{"rendered":"SWIPE Jugend"},"content":{"rendered":"<p>Die V730JASA passt Ihnen dank der Ratschenschnallen perfekt. Mit den Ratschenschnallen k\u00f6nnen Sie die L\u00e4nge des Gurtbandes ganz einfach einstellen, und die hervorstehenden Brillenr\u00e4nder verhindern, dass die Gl\u00e4ser bei einem Sturz zerkratzt werden. Die neue SWIPE Anti-Beschlag-Technologie sorgt f\u00fcr eine 10-mal l\u00e4ngere Antibeschlag-Wirkung.  <\/p>\n<p>&nbsp;<\/p>\n<p><strong>Abmessungen:<\/strong><\/p>\n<p>8x3x3 in<br \/>\n 4 oz<\/p>\n","protected":false},"excerpt":{"rendered":"<p>Mit den SWIPE Youth Ratchet-Schnallen k\u00f6nnen Sie die L\u00e4nge des Gurtes ganz einfach verstellen, und die hervorstehenden Brillenr\u00e4nder sch\u00fctzen die Gl\u00e4ser vor Kratzern, wenn sie herunterfallen.<\/p>\n","protected":false},"featured_media":24359,"comment_status":"closed","ping_status":"closed","template":"","meta":{"_acf_changed":false},"product_cat":[542,547],"product_tag":[],"class_list":{"0":"post-24357","1":"product","2":"type-product","3":"status-publish","4":"has-post-thumbnail","6":"product_cat-alle-schutzbrillen","7":"product_cat-jugend","9":"first","10":"instock","11":"purchasable","12":"product-type-variable"},"acf":[],"_links":{"self":[{"href":"https:\/\/tusa.viewsite.link\/de\/wp-json\/wp\/v2\/product\/24357","targetHints":{"allow":["GET"]}}],"collection":[{"href":"https:\/\/tusa.viewsite.link\/de\/wp-json\/wp\/v2\/product"}],"about":[{"href":"https:\/\/tusa.viewsite.link\/de\/wp-json\/wp\/v2\/types\/product"}],"replies":[{"embeddable":true,"href":"https:\/\/tusa.viewsite.link\/de\/wp-json\/wp\/v2\/comments?post=24357"}],"wp:featuredmedia":[{"embeddable":true,"href":"https:\/\/tusa.viewsite.link\/de\/wp-json\/wp\/v2\/media\/24359"}],"wp:attachment":[{"href":"https:\/\/tusa.viewsite.link\/de\/wp-json\/wp\/v2\/media?parent=24357"}],"wp:term":[{"taxonomy":"product_cat","embeddable":true,"href":"https:\/\/tusa.viewsite.link\/de\/wp-json\/wp\/v2\/product_cat?post=24357"},{"taxonomy":"product_tag","embeddable":true,"href":"https:\/\/tusa.viewsite.link\/de\/wp-json\/wp\/v2\/product_tag?post=24357"}],"curies":[{"name":"wp","href":"https:\/\/api.w.org\/{rel}","templated":true}]}}