{"id":24307,"date":"2024-09-09T23:09:52","date_gmt":"2024-09-09T23:09:52","guid":{"rendered":"https:\/\/tusa.viewsite.link\/product\/platina\/"},"modified":"2024-09-09T23:09:52","modified_gmt":"2024-09-09T23:09:52","slug":"platina","status":"publish","type":"product","link":"https:\/\/tusa.viewsite.link\/de\/produkt\/platina\/","title":{"rendered":"Platina"},"content":{"rendered":"<p>Die federnden, flexiblen Seitenclips sorgen daf\u00fcr, dass die V-500A Platina Goggle St\u00f6\u00dfe von au\u00dfen abfedern kann. Das Design sorgt f\u00fcr gro\u00dfe Stabilit\u00e4t und Komfort auf dem Gesicht. Das neu gestaltete Silikonband mit unterschiedlicher Dicke macht diese Brille leichter abnehmbar und bequemer. Eine Vertiefung auf der R\u00fcckseite des Bandes verhindert ein Verrutschen des Bandes und der Schutzbrille. Die austauschbaren Seitenclips wurden eingef\u00fchrt, um eine schnellere und einfachere Anpassung zu erm\u00f6glichen und k\u00f6nnen auf jede ben\u00f6tigte Bandl\u00e4nge eingestellt werden. Diese vielseitige Schutzbrille ist mit dem VC-510A VIEW Rx Korrekturglassystem in einem weiten Bereich von +\/- Dioptrien erh\u00e4ltlich.     <\/p>\n<p>&nbsp;<\/p>\n<p><strong>Abmessungen:<\/strong><\/p>\n<p>7,83 x 2,4 x 1,77 Zoll<\/p>\n","protected":false},"excerpt":{"rendered":"<p>Dank feder\u00e4hnlicher, flexibler Seitenclips absorbiert die V-500A Platina Goggle \u00e4u\u00dfere St\u00f6\u00dfe, und das Design sorgt f\u00fcr hohe Stabilit\u00e4t und Komfort auf dem Gesicht.<\/p>\n","protected":false},"featured_media":24310,"comment_status":"closed","ping_status":"closed","template":"","meta":{"_acf_changed":false},"product_cat":[542,545],"product_tag":[],"class_list":{"0":"post-24307","1":"product","2":"type-product","3":"status-publish","4":"has-post-thumbnail","6":"product_cat-alle-schutzbrillen","7":"product_cat-freizeitgestaltung","9":"first","10":"instock","11":"purchasable","12":"product-type-variable"},"acf":[],"_links":{"self":[{"href":"https:\/\/tusa.viewsite.link\/de\/wp-json\/wp\/v2\/product\/24307","targetHints":{"allow":["GET"]}}],"collection":[{"href":"https:\/\/tusa.viewsite.link\/de\/wp-json\/wp\/v2\/product"}],"about":[{"href":"https:\/\/tusa.viewsite.link\/de\/wp-json\/wp\/v2\/types\/product"}],"replies":[{"embeddable":true,"href":"https:\/\/tusa.viewsite.link\/de\/wp-json\/wp\/v2\/comments?post=24307"}],"wp:featuredmedia":[{"embeddable":true,"href":"https:\/\/tusa.viewsite.link\/de\/wp-json\/wp\/v2\/media\/24310"}],"wp:attachment":[{"href":"https:\/\/tusa.viewsite.link\/de\/wp-json\/wp\/v2\/media?parent=24307"}],"wp:term":[{"taxonomy":"product_cat","embeddable":true,"href":"https:\/\/tusa.viewsite.link\/de\/wp-json\/wp\/v2\/product_cat?post=24307"},{"taxonomy":"product_tag","embeddable":true,"href":"https:\/\/tusa.viewsite.link\/de\/wp-json\/wp\/v2\/product_tag?post=24307"}],"curies":[{"name":"wp","href":"https:\/\/api.w.org\/{rel}","templated":true}]}}