{"id":24294,"date":"2024-09-09T23:09:52","date_gmt":"2024-09-09T23:09:52","guid":{"rendered":"https:\/\/tusa.viewsite.link\/product\/aquario\/"},"modified":"2024-09-09T23:09:52","modified_gmt":"2024-09-09T23:09:52","slug":"aquario","status":"publish","type":"product","link":"https:\/\/tusa.viewsite.link\/de\/produkt\/aquario\/","title":{"rendered":"Aquario"},"content":{"rendered":"<p>Die V-550 erg\u00e4nzt die Linie der Fitnessbrillen. Diese Brille verf\u00fcgt \u00fcber ein EZ-Band und ein Schnellverschlusssystem. Sie verf\u00fcgt \u00fcber UV-Schutz und eine Super-Anti-Beschlag-Behandlung. Die V-550 verf\u00fcgt au\u00dferdem \u00fcber eine weiche und gro\u00dfe Polsterdichtung f\u00fcr hervorragenden Komfort.   <\/p>\n<p>&nbsp;<\/p>\n<p><strong>Abmessungen:<\/strong><\/p>\n<p>7,3 x 2,3 x 2,2 Zoll<\/p>\n","protected":false},"excerpt":{"rendered":"<p>Diese Brille verf\u00fcgt \u00fcber ein EZ-Band und ein Schnellverschlusssystem.<\/p>\n","protected":false},"featured_media":24295,"comment_status":"closed","ping_status":"closed","template":"","meta":{"_acf_changed":false},"product_cat":[542,545],"product_tag":[],"class_list":{"0":"post-24294","1":"product","2":"type-product","3":"status-publish","4":"has-post-thumbnail","6":"product_cat-alle-schutzbrillen","7":"product_cat-freizeitgestaltung","9":"first","10":"instock","11":"purchasable","12":"product-type-variable"},"acf":[],"_links":{"self":[{"href":"https:\/\/tusa.viewsite.link\/de\/wp-json\/wp\/v2\/product\/24294","targetHints":{"allow":["GET"]}}],"collection":[{"href":"https:\/\/tusa.viewsite.link\/de\/wp-json\/wp\/v2\/product"}],"about":[{"href":"https:\/\/tusa.viewsite.link\/de\/wp-json\/wp\/v2\/types\/product"}],"replies":[{"embeddable":true,"href":"https:\/\/tusa.viewsite.link\/de\/wp-json\/wp\/v2\/comments?post=24294"}],"wp:featuredmedia":[{"embeddable":true,"href":"https:\/\/tusa.viewsite.link\/de\/wp-json\/wp\/v2\/media\/24295"}],"wp:attachment":[{"href":"https:\/\/tusa.viewsite.link\/de\/wp-json\/wp\/v2\/media?parent=24294"}],"wp:term":[{"taxonomy":"product_cat","embeddable":true,"href":"https:\/\/tusa.viewsite.link\/de\/wp-json\/wp\/v2\/product_cat?post=24294"},{"taxonomy":"product_tag","embeddable":true,"href":"https:\/\/tusa.viewsite.link\/de\/wp-json\/wp\/v2\/product_tag?post=24294"}],"curies":[{"name":"wp","href":"https:\/\/api.w.org\/{rel}","templated":true}]}}