{"id":24273,"date":"2024-09-09T23:09:52","date_gmt":"2024-09-09T23:09:52","guid":{"rendered":"https:\/\/tusa.viewsite.link\/product\/swipe-fitness-gebogene-linse\/"},"modified":"2024-09-09T23:09:52","modified_gmt":"2024-09-09T23:09:52","slug":"swipe-fitness-gebogene-linse","status":"publish","type":"product","link":"https:\/\/tusa.viewsite.link\/de\/produkt\/swipe-fitness-gebogene-linse\/","title":{"rendered":"SWIPE Fitness (gebogene Linse)"},"content":{"rendered":"<p>Die VIEW V-640ASA Curved Lens Fitness Schwimmbrille f\u00fcr Erwachsene bietet eine bequeme Passform. Die d\u00fcnne Rillenstruktur kann Unebenheiten des Gesichts ausgleichen, die von Person zu Person unterschiedlich sind. Der runde Schaft des Nasenriemens entspricht dem Links-Rechts-Unterschied des Gesichts. Das gew\u00f6lbte Glasdesign bietet ein weites Sichtfeld. Mit der neuen Speedy Fit Technologie k\u00f6nnen Sie den Riemen mit nur einer Hand anpassen. Die neue SWIPE Anti-Fog-Technologie sorgt f\u00fcr einen 10-mal l\u00e4ngeren Anti-Beschlag-Effekt.     <\/p>\n<p>&nbsp;<\/p>\n<p><strong>Abmessungen:<\/strong><\/p>\n<p>7,24 x 2,24 x 1,93 Zoll<\/p>\n","protected":false},"excerpt":{"rendered":"<p>Die VIEW V-640ASA Curved Lens Fitness Schwimmbrille f\u00fcr Erwachsene bietet eine bequeme Passform und die d\u00fcnne Rillenstruktur kann Unebenheiten des Gesichts ausgleichen, die von Person zu Person unterschiedlich sind.<\/p>\n","protected":false},"featured_media":24280,"comment_status":"closed","ping_status":"closed","template":"","meta":{"_acf_changed":false},"product_cat":[542,546],"product_tag":[],"class_list":{"0":"post-24273","1":"product","2":"type-product","3":"status-publish","4":"has-post-thumbnail","6":"product_cat-alle-schutzbrillen","7":"product_cat-swipe-de","9":"first","10":"instock","11":"purchasable","12":"product-type-variable"},"acf":[],"_links":{"self":[{"href":"https:\/\/tusa.viewsite.link\/de\/wp-json\/wp\/v2\/product\/24273","targetHints":{"allow":["GET"]}}],"collection":[{"href":"https:\/\/tusa.viewsite.link\/de\/wp-json\/wp\/v2\/product"}],"about":[{"href":"https:\/\/tusa.viewsite.link\/de\/wp-json\/wp\/v2\/types\/product"}],"replies":[{"embeddable":true,"href":"https:\/\/tusa.viewsite.link\/de\/wp-json\/wp\/v2\/comments?post=24273"}],"wp:featuredmedia":[{"embeddable":true,"href":"https:\/\/tusa.viewsite.link\/de\/wp-json\/wp\/v2\/media\/24280"}],"wp:attachment":[{"href":"https:\/\/tusa.viewsite.link\/de\/wp-json\/wp\/v2\/media?parent=24273"}],"wp:term":[{"taxonomy":"product_cat","embeddable":true,"href":"https:\/\/tusa.viewsite.link\/de\/wp-json\/wp\/v2\/product_cat?post=24273"},{"taxonomy":"product_tag","embeddable":true,"href":"https:\/\/tusa.viewsite.link\/de\/wp-json\/wp\/v2\/product_tag?post=24273"}],"curies":[{"name":"wp","href":"https:\/\/api.w.org\/{rel}","templated":true}]}}