{"id":24255,"date":"2024-09-09T23:09:52","date_gmt":"2024-09-09T23:09:52","guid":{"rendered":"https:\/\/tusa.viewsite.link\/product\/squidjet-jr\/"},"modified":"2024-09-09T23:09:52","modified_gmt":"2024-09-09T23:09:52","slug":"squidjet-jr","status":"publish","type":"product","link":"https:\/\/tusa.viewsite.link\/de\/produkt\/squidjet-jr\/","title":{"rendered":"Squidjet Jr."},"content":{"rendered":"<p>Der V-710JA ist ein neues Design, das ideal f\u00fcr Jugendliche zwischen 8 und 12 Jahren ist. Ausgestattet mit austauschbaren Nasenstegen und einem E-Z-Band l\u00e4sst sich die Squidjet Jr einfach anpassen und aufsetzen. Der V-710JA verf\u00fcgt \u00fcber weiche, gepolsterte Augendichtungen f\u00fcr hervorragenden Tragekomfort und ist perfekt f\u00fcr Kinder, die gerne schwimmen.  <\/p>\n<p>&nbsp;<\/p>\n<p><strong>Abmessungen:<\/strong><\/p>\n<p>7 x 2,5 x 2 Zoll<\/p>\n","protected":false},"excerpt":{"rendered":"<p>Ausgestattet mit austauschbaren Nasenstegen und einem E-Z-Band l\u00e4sst sich die Squidjet Jr einfach einstellen und anpassen.<\/p>\n","protected":false},"featured_media":24261,"comment_status":"closed","ping_status":"closed","template":"","meta":{"_acf_changed":false},"product_cat":[542,547],"product_tag":[],"class_list":{"0":"post-24255","1":"product","2":"type-product","3":"status-publish","4":"has-post-thumbnail","6":"product_cat-alle-schutzbrillen","7":"product_cat-jugend","9":"first","10":"instock","11":"purchasable","12":"product-type-variable"},"acf":[],"_links":{"self":[{"href":"https:\/\/tusa.viewsite.link\/de\/wp-json\/wp\/v2\/product\/24255","targetHints":{"allow":["GET"]}}],"collection":[{"href":"https:\/\/tusa.viewsite.link\/de\/wp-json\/wp\/v2\/product"}],"about":[{"href":"https:\/\/tusa.viewsite.link\/de\/wp-json\/wp\/v2\/types\/product"}],"replies":[{"embeddable":true,"href":"https:\/\/tusa.viewsite.link\/de\/wp-json\/wp\/v2\/comments?post=24255"}],"wp:featuredmedia":[{"embeddable":true,"href":"https:\/\/tusa.viewsite.link\/de\/wp-json\/wp\/v2\/media\/24261"}],"wp:attachment":[{"href":"https:\/\/tusa.viewsite.link\/de\/wp-json\/wp\/v2\/media?parent=24255"}],"wp:term":[{"taxonomy":"product_cat","embeddable":true,"href":"https:\/\/tusa.viewsite.link\/de\/wp-json\/wp\/v2\/product_cat?post=24255"},{"taxonomy":"product_tag","embeddable":true,"href":"https:\/\/tusa.viewsite.link\/de\/wp-json\/wp\/v2\/product_tag?post=24255"}],"curies":[{"name":"wp","href":"https:\/\/api.w.org\/{rel}","templated":true}]}}