{"id":24232,"date":"2024-09-09T23:09:52","date_gmt":"2024-09-09T23:09:52","guid":{"rendered":"https:\/\/tusa.viewsite.link\/product\/zutto-jr\/"},"modified":"2024-09-09T23:09:52","modified_gmt":"2024-09-09T23:09:52","slug":"zutto-jr","status":"publish","type":"product","link":"https:\/\/tusa.viewsite.link\/de\/produkt\/zutto-jr\/","title":{"rendered":"Zutto Jr."},"content":{"rendered":"<p>Die Zutto Jr. ist ein brandneues Design, das ideal f\u00fcr Kinder im Alter von 10-12 Jahren ist. Ausgestattet mit Nasenstegen in 3 verschiedenen Gr\u00f6\u00dfen und dem E-Z-Silikonband von View l\u00e4sst sich die V-720J leicht anpassen und einstellen. Zus\u00e4tzlich ist die Zutto Jr. mit einer antibakteriellen Beschichtung versehen, um unerw\u00fcnschten Bakterien auf Pooldecks oder in Umkleider\u00e4umen zu widerstehen. Die V-720J ist mit dicken Silikon-Augendichtungen ausgestattet und eignet sich perfekt f\u00fcr Kinder, die gerne schwimmen.   <\/p>\n<p>&nbsp;<\/p>\n<p><strong>Abmessungen:<\/strong><\/p>\n<p>6 x 2,5 x 2 Zoll<\/p>\n","protected":false},"excerpt":{"rendered":"<p>Ausgestattet mit 3 unterschiedlich gro\u00dfen Nasenstegen und dem E-Z Silikonband von View l\u00e4sst sich die V-720J leicht anpassen und anpassen.<\/p>\n","protected":false},"featured_media":24235,"comment_status":"closed","ping_status":"closed","template":"","meta":{"_acf_changed":false},"product_cat":[542,547],"product_tag":[],"class_list":{"0":"post-24232","1":"product","2":"type-product","3":"status-publish","4":"has-post-thumbnail","6":"product_cat-alle-schutzbrillen","7":"product_cat-jugend","9":"first","10":"instock","11":"purchasable","12":"product-type-variable"},"acf":[],"_links":{"self":[{"href":"https:\/\/tusa.viewsite.link\/de\/wp-json\/wp\/v2\/product\/24232","targetHints":{"allow":["GET"]}}],"collection":[{"href":"https:\/\/tusa.viewsite.link\/de\/wp-json\/wp\/v2\/product"}],"about":[{"href":"https:\/\/tusa.viewsite.link\/de\/wp-json\/wp\/v2\/types\/product"}],"replies":[{"embeddable":true,"href":"https:\/\/tusa.viewsite.link\/de\/wp-json\/wp\/v2\/comments?post=24232"}],"wp:featuredmedia":[{"embeddable":true,"href":"https:\/\/tusa.viewsite.link\/de\/wp-json\/wp\/v2\/media\/24235"}],"wp:attachment":[{"href":"https:\/\/tusa.viewsite.link\/de\/wp-json\/wp\/v2\/media?parent=24232"}],"wp:term":[{"taxonomy":"product_cat","embeddable":true,"href":"https:\/\/tusa.viewsite.link\/de\/wp-json\/wp\/v2\/product_cat?post=24232"},{"taxonomy":"product_tag","embeddable":true,"href":"https:\/\/tusa.viewsite.link\/de\/wp-json\/wp\/v2\/product_tag?post=24232"}],"curies":[{"name":"wp","href":"https:\/\/api.w.org\/{rel}","templated":true}]}}