{"id":24231,"date":"2024-09-09T23:09:52","date_gmt":"2024-09-09T23:09:52","guid":{"rendered":"https:\/\/tusa.viewsite.link\/product\/trost\/"},"modified":"2024-09-09T23:09:52","modified_gmt":"2024-09-09T23:09:52","slug":"trost","status":"publish","type":"product","link":"https:\/\/tusa.viewsite.link\/de\/produkt\/trost\/","title":{"rendered":"Trost"},"content":{"rendered":"<p>Die Solace ist eine ideale Mischung aus Komfort und Leistung f\u00fcr den Freizeitschwimmer. Die gro\u00dfen, weichen Augendichtungen sorgen daf\u00fcr, dass die Brille bequem auf der Augenh\u00f6hle sitzt, und das E-Z-Band gew\u00e4hrleistet einen guten Sitz.  Der V-825 ist au\u00dferdem mit einem neu entwickelten Schnellverschlusssystem und 3 austauschbaren Nasenst\u00fccken ausgestattet, die die Anpassung zum Kinderspiel machen.<\/p>\n<p>&nbsp;<\/p>\n<p><strong>Abmessungen:<\/strong><\/p>\n<p>8x3x3 in<br \/>\n 4 oz<\/p>\n","protected":false},"excerpt":{"rendered":"<p>Die Solace ist eine ideale Mischung aus Komfort und Leistung f\u00fcr den Freizeitschwimmer. Die gro\u00dfen, weichen Augendichtungen sorgen daf\u00fcr, dass die Brille bequem auf der Augenh\u00f6hle sitzt, und das E-Z-Band gew\u00e4hrleistet einen guten Sitz. <\/p>\n","protected":false},"featured_media":24233,"comment_status":"closed","ping_status":"closed","template":"","meta":{"_acf_changed":false},"product_cat":[542,545],"product_tag":[],"class_list":{"0":"post-24231","1":"product","2":"type-product","3":"status-publish","4":"has-post-thumbnail","6":"product_cat-alle-schutzbrillen","7":"product_cat-freizeitgestaltung","9":"first","10":"instock","11":"purchasable","12":"product-type-variable"},"acf":[],"_links":{"self":[{"href":"https:\/\/tusa.viewsite.link\/de\/wp-json\/wp\/v2\/product\/24231","targetHints":{"allow":["GET"]}}],"collection":[{"href":"https:\/\/tusa.viewsite.link\/de\/wp-json\/wp\/v2\/product"}],"about":[{"href":"https:\/\/tusa.viewsite.link\/de\/wp-json\/wp\/v2\/types\/product"}],"replies":[{"embeddable":true,"href":"https:\/\/tusa.viewsite.link\/de\/wp-json\/wp\/v2\/comments?post=24231"}],"wp:featuredmedia":[{"embeddable":true,"href":"https:\/\/tusa.viewsite.link\/de\/wp-json\/wp\/v2\/media\/24233"}],"wp:attachment":[{"href":"https:\/\/tusa.viewsite.link\/de\/wp-json\/wp\/v2\/media?parent=24231"}],"wp:term":[{"taxonomy":"product_cat","embeddable":true,"href":"https:\/\/tusa.viewsite.link\/de\/wp-json\/wp\/v2\/product_cat?post=24231"},{"taxonomy":"product_tag","embeddable":true,"href":"https:\/\/tusa.viewsite.link\/de\/wp-json\/wp\/v2\/product_tag?post=24231"}],"curies":[{"name":"wp","href":"https:\/\/api.w.org\/{rel}","templated":true}]}}