{"id":24208,"date":"2024-09-09T23:09:52","date_gmt":"2024-09-09T23:09:52","guid":{"rendered":"https:\/\/tusa.viewsite.link\/product\/schnapper-jr\/"},"modified":"2024-09-09T23:09:52","modified_gmt":"2024-09-09T23:09:52","slug":"schnapper-jr","status":"publish","type":"product","link":"https:\/\/tusa.viewsite.link\/de\/produkt\/schnapper-jr\/","title":{"rendered":"Schnapper Jr."},"content":{"rendered":"<p>Die V-730JA verf\u00fcgt \u00fcber langlebige Silikon-Augendichtungen und ein Band, die jedem Kind einen bequemen Sitz bieten. Der Snapper Jr ist au\u00dferdem mit einem flexiblen Nasenst\u00fcck und einer 1-Tasten-Schnallenverstellung ausgestattet, die das Anpassen im oder au\u00dferhalb des Wassers zum Kinderspiel machen. <\/p>\n<p>&nbsp;<\/p>\n<p><strong>Abmessungen:<\/strong><\/p>\n<p>7 x 2,5 x 2 Zoll<\/p>\n","protected":false},"excerpt":{"rendered":"<p>Der V-730JA verf\u00fcgt \u00fcber langlebige Silikon-Augendichtungen und einen Riemen, die einen bequemen Sitz f\u00fcr jedes Kind gew\u00e4hrleisten.<\/p>\n","protected":false},"featured_media":24216,"comment_status":"closed","ping_status":"closed","template":"","meta":{"_acf_changed":false},"product_cat":[542,547],"product_tag":[],"class_list":{"0":"post-24208","1":"product","2":"type-product","3":"status-publish","4":"has-post-thumbnail","6":"product_cat-alle-schutzbrillen","7":"product_cat-jugend","9":"first","10":"instock","11":"purchasable","12":"product-type-variable"},"acf":[],"_links":{"self":[{"href":"https:\/\/tusa.viewsite.link\/de\/wp-json\/wp\/v2\/product\/24208","targetHints":{"allow":["GET"]}}],"collection":[{"href":"https:\/\/tusa.viewsite.link\/de\/wp-json\/wp\/v2\/product"}],"about":[{"href":"https:\/\/tusa.viewsite.link\/de\/wp-json\/wp\/v2\/types\/product"}],"replies":[{"embeddable":true,"href":"https:\/\/tusa.viewsite.link\/de\/wp-json\/wp\/v2\/comments?post=24208"}],"wp:featuredmedia":[{"embeddable":true,"href":"https:\/\/tusa.viewsite.link\/de\/wp-json\/wp\/v2\/media\/24216"}],"wp:attachment":[{"href":"https:\/\/tusa.viewsite.link\/de\/wp-json\/wp\/v2\/media?parent=24208"}],"wp:term":[{"taxonomy":"product_cat","embeddable":true,"href":"https:\/\/tusa.viewsite.link\/de\/wp-json\/wp\/v2\/product_cat?post=24208"},{"taxonomy":"product_tag","embeddable":true,"href":"https:\/\/tusa.viewsite.link\/de\/wp-json\/wp\/v2\/product_tag?post=24208"}],"curies":[{"name":"wp","href":"https:\/\/api.w.org\/{rel}","templated":true}]}}