{"id":24197,"date":"2024-09-09T23:09:52","date_gmt":"2024-09-09T23:09:52","guid":{"rendered":"https:\/\/tusa.viewsite.link\/product\/swipe-klinge-orca-gespiegelt\/"},"modified":"2024-09-09T23:09:52","modified_gmt":"2024-09-09T23:09:52","slug":"swipe-klinge-orca-gespiegelt","status":"publish","type":"product","link":"https:\/\/tusa.viewsite.link\/de\/produkt\/swipe-klinge-orca-gespiegelt\/","title":{"rendered":"SWIPE Klinge ORCA (Gespiegelt)"},"content":{"rendered":"<p>V230ASAMC SWIPE Die verspiegelte Blade ORCA Schwimmbrille bietet mit ihren einzigartig geformten Gl\u00e4sern einen reduzierten Widerstand, der Leistungsschwimmern einen Vorteil gegen\u00fcber ihren Konkurrenten verschafft, sowie eine ultimativ gute Passform mit Polsterauflagen. Die gebogene Blade-Brillenform sorgt f\u00fcr eine verbesserte Wasserstr\u00f6mung und minimiert den Widerstand im Vergleich zu herk\u00f6mmlichen Blade-Brillen. Die neue SWIPE Anti-Fog-Technologie sorgt f\u00fcr einen 10-mal l\u00e4ngeren Anti-Beschlag-Effekt.  <\/p>\n<p>&nbsp;<\/p>\n<p><strong>Abmessungen:<\/strong><\/p>\n<p>8x3x3 in<br \/>\n 4 oz<\/p>\n","protected":false},"excerpt":{"rendered":"<p>Die verspiegelte Schwimmbrille V230ASAMC SWIPE Blade ORCA bietet mit ihren einzigartig geformten Gl\u00e4sern einen reduzierten Widerstand, der Leistungsschwimmern einen Vorteil gegen\u00fcber ihren Konkurrenten verschafft, sowie eine ultimativ gute Passform mit Polsterauflagen.<\/p>\n","protected":false},"featured_media":24198,"comment_status":"closed","ping_status":"closed","template":"","meta":{"_acf_changed":false},"product_cat":[542,546],"product_tag":[],"class_list":{"0":"post-24197","1":"product","2":"type-product","3":"status-publish","4":"has-post-thumbnail","6":"product_cat-alle-schutzbrillen","7":"product_cat-swipe-de","9":"first","10":"instock","11":"purchasable","12":"product-type-variable"},"acf":[],"_links":{"self":[{"href":"https:\/\/tusa.viewsite.link\/de\/wp-json\/wp\/v2\/product\/24197","targetHints":{"allow":["GET"]}}],"collection":[{"href":"https:\/\/tusa.viewsite.link\/de\/wp-json\/wp\/v2\/product"}],"about":[{"href":"https:\/\/tusa.viewsite.link\/de\/wp-json\/wp\/v2\/types\/product"}],"replies":[{"embeddable":true,"href":"https:\/\/tusa.viewsite.link\/de\/wp-json\/wp\/v2\/comments?post=24197"}],"wp:featuredmedia":[{"embeddable":true,"href":"https:\/\/tusa.viewsite.link\/de\/wp-json\/wp\/v2\/media\/24198"}],"wp:attachment":[{"href":"https:\/\/tusa.viewsite.link\/de\/wp-json\/wp\/v2\/media?parent=24197"}],"wp:term":[{"taxonomy":"product_cat","embeddable":true,"href":"https:\/\/tusa.viewsite.link\/de\/wp-json\/wp\/v2\/product_cat?post=24197"},{"taxonomy":"product_tag","embeddable":true,"href":"https:\/\/tusa.viewsite.link\/de\/wp-json\/wp\/v2\/product_tag?post=24197"}],"curies":[{"name":"wp","href":"https:\/\/api.w.org\/{rel}","templated":true}]}}