{"id":24173,"date":"2024-09-09T23:09:36","date_gmt":"2024-09-09T23:09:36","guid":{"rendered":"https:\/\/tusa.viewsite.link\/product\/visio-tri-ex-reiseset-fuer-erwachsene\/"},"modified":"2024-09-09T23:09:36","modified_gmt":"2024-09-09T23:09:36","slug":"visio-tri-ex-reiseset-fuer-erwachsene","status":"publish","type":"product","link":"https:\/\/tusa.viewsite.link\/de\/produkt\/visio-tri-ex-reiseset-fuer-erwachsene\/","title":{"rendered":"Visio Tri-Ex Reiseset f\u00fcr Erwachsene"},"content":{"rendered":"<p>Das VISIO TRI-EX Reiseset f\u00fcr Erwachsene enth\u00e4lt die UM-31 Visio Tri-Ex Maske, den USP-250 Schnorchel und die UF-21 Flossen.  <br \/>[break]<br \/>Die UM-31 Visio Tri-ex Maske ist eine revolution\u00e4re 3-Fenster-Maske, die einen ultraweiten 168\u00b0-Panoramablick bietet. Dieser erstaunlich weite Blickwinkel wird durch die gew\u00f6lbten Seitenfenster und die deutliche Reduzierung der Rahmenstruktur um die Gl\u00e4ser herum erreicht, wodurch sich das Sichtfeld im Vergleich zu herk\u00f6mmlichen Masken drastisch vergr\u00f6\u00dfert. Die UM-31 Maske schmiegt sich sanft an die Konturen Ihres Gesichts an. Diese aus reinem Silikon gefertigte Maske wurde f\u00fcr Taucher entwickelt, die eine breite Frontscheibe in Kombination mit einem geringen Volumen w\u00fcnschen. Der USP-250 Trockenschnorchel verf\u00fcgt \u00fcber die TUSA Hyperdry Elite Dry Top Technologie (pat p), die das Eindringen von Wasser in den Schnorchel verhindert, eine Ablasskammer und ein Entleerungsventil f\u00fcr einfaches Reinigen sowie einen Wirbel und ein Mundst\u00fcck aus reinem Silikon. Die UF-21 Flossen haben ein fortschrittliches Multi-Flex-Design mit langen Bl\u00e4ttern, Schubkanaltechnologie f\u00fcr \u00fcberragenden Vortrieb und die Fu\u00dftasche besteht aus einer weichen, haltbaren Mischung, die f\u00fcr Komfort sorgt. Das offene Fersendesign erm\u00f6glicht eine schnelle und einfache Gr\u00f6\u00dfenanpassung und das Silikon-Fersenband erh\u00f6ht den Komfort und die Haltbarkeit. Diese Flosse ist so konstruiert, dass sie f\u00fcr ihre kompakte Gr\u00f6\u00dfe eine Menge Power bietet. Die Flossen sind leicht und ideal f\u00fcr die Reise. Wird standardm\u00e4\u00dfig mit einer Reisetasche geliefert.           <br \/>\n&nbsp;<\/p>\n<p><strong>Abmessungen:<\/strong><\/p>\n<p>18,3 x 9,4 x 4,3 Zoll<\/p>\n","protected":false},"excerpt":{"rendered":"<p>Das VISIO TRI-EX Reiseset f\u00fcr Erwachsene enth\u00e4lt die UM-31 Visio Tri-Ex Maske, den USP-250 Schnorchel und die UF-21 Flossen.<\/p>\n","protected":false},"featured_media":24181,"comment_status":"closed","ping_status":"closed","template":"","meta":{"_acf_changed":false},"product_cat":[540],"product_tag":[],"class_list":{"0":"post-24173","1":"product","2":"type-product","3":"status-publish","4":"has-post-thumbnail","6":"product_cat-reisesets-fur-erwachsene","8":"first","9":"instock","10":"purchasable","11":"product-type-variable"},"acf":[],"_links":{"self":[{"href":"https:\/\/tusa.viewsite.link\/de\/wp-json\/wp\/v2\/product\/24173","targetHints":{"allow":["GET"]}}],"collection":[{"href":"https:\/\/tusa.viewsite.link\/de\/wp-json\/wp\/v2\/product"}],"about":[{"href":"https:\/\/tusa.viewsite.link\/de\/wp-json\/wp\/v2\/types\/product"}],"replies":[{"embeddable":true,"href":"https:\/\/tusa.viewsite.link\/de\/wp-json\/wp\/v2\/comments?post=24173"}],"wp:featuredmedia":[{"embeddable":true,"href":"https:\/\/tusa.viewsite.link\/de\/wp-json\/wp\/v2\/media\/24181"}],"wp:attachment":[{"href":"https:\/\/tusa.viewsite.link\/de\/wp-json\/wp\/v2\/media?parent=24173"}],"wp:term":[{"taxonomy":"product_cat","embeddable":true,"href":"https:\/\/tusa.viewsite.link\/de\/wp-json\/wp\/v2\/product_cat?post=24173"},{"taxonomy":"product_tag","embeddable":true,"href":"https:\/\/tusa.viewsite.link\/de\/wp-json\/wp\/v2\/product_tag?post=24173"}],"curies":[{"name":"wp","href":"https:\/\/api.w.org\/{rel}","templated":true}]}}