{"id":24161,"date":"2024-09-09T23:09:36","date_gmt":"2024-09-09T23:09:36","guid":{"rendered":"https:\/\/tusa.viewsite.link\/product\/serene-travel-set-fuer-erwachsene-weiss\/"},"modified":"2024-09-09T23:09:36","modified_gmt":"2024-09-09T23:09:36","slug":"serene-travel-set-fuer-erwachsene-weiss","status":"publish","type":"product","link":"https:\/\/tusa.viewsite.link\/de\/produkt\/serene-travel-set-fuer-erwachsene-weiss\/","title":{"rendered":"Serene Travel Set f\u00fcr Erwachsene &#8211; Wei\u00df"},"content":{"rendered":"<p>Das SERENE UC-1521QB Reiseset f\u00fcr Erwachsene enth\u00e4lt eine UM-16 Serene Maske und einen USP-250 Schnorchel. Die UM-16 Serene Maske schmiegt sich sanft an die Konturen Ihres Gesichts an. Die aus reinem Silikon gefertigte Serene wurde f\u00fcr Taucher entwickelt, die ein weites Sichtfeld in Kombination mit einem geringen Volumen w\u00fcnschen.  <\/p>\n<p>  Der USP-250 Trockenschnorchel verf\u00fcgt \u00fcber die TUSA Hyperdry Elite Dry Top Technologie (pat), die das Eindringen von Wasser in den Schnorchel verhindert, eine Ablasskammer und ein Entleerungsventil f\u00fcr einfaches Reinigen sowie ein kristallines Silikonmundst\u00fcck.  <\/p>\n<p>  Die UF-21 Flossen haben ein fortschrittliches Multi-Flex-Design mit langen Bl\u00e4ttern, Schubkanaltechnologie f\u00fcr \u00fcberlegenen Vortrieb und die Fu\u00dftasche besteht aus einer weichen, haltbaren Mischung, die f\u00fcr Komfort sorgt. Das offene Fersendesign erm\u00f6glicht eine schnelle und einfache Gr\u00f6\u00dfenanpassung und das Silikon-Fersenband verbessert den Komfort und die Haltbarkeit. Diese Flosse ist so konstruiert, dass sie f\u00fcr ihre kompakte Gr\u00f6\u00dfe eine Menge Power bietet. Die Flossen sind leicht und ideal f\u00fcr die Reise.   <\/p>\n<p>&nbsp;<\/p>\n<p><strong>Abmessungen:<\/strong><\/p>\n<p>18.7&#215;9.1&#215;3.9 in<br \/>\n Produktgewicht: 2.16<\/p>\n","protected":false},"excerpt":{"rendered":"<p>Das SERENE UC-1625QB Reiseset f\u00fcr Erwachsene enth\u00e4lt eine UM-16 Serene Maske und einen USP-250 Schnorchel. Die UM-16 Serene Maske schmiegt sich sanft an die Konturen Ihres Gesichts an. Die aus reinem Silikon gefertigte Serene wurde f\u00fcr Taucher entwickelt, die ein weites Sichtfeld in Kombination mit einem geringen Volumen w\u00fcnschen.  <\/p>\n","protected":false},"featured_media":24167,"comment_status":"closed","ping_status":"closed","template":"","meta":{"_acf_changed":false},"product_cat":[540],"product_tag":[],"class_list":{"0":"post-24161","1":"product","2":"type-product","3":"status-publish","4":"has-post-thumbnail","6":"product_cat-reisesets-fur-erwachsene","8":"first","9":"instock","10":"purchasable","11":"product-type-variable"},"acf":[],"_links":{"self":[{"href":"https:\/\/tusa.viewsite.link\/de\/wp-json\/wp\/v2\/product\/24161","targetHints":{"allow":["GET"]}}],"collection":[{"href":"https:\/\/tusa.viewsite.link\/de\/wp-json\/wp\/v2\/product"}],"about":[{"href":"https:\/\/tusa.viewsite.link\/de\/wp-json\/wp\/v2\/types\/product"}],"replies":[{"embeddable":true,"href":"https:\/\/tusa.viewsite.link\/de\/wp-json\/wp\/v2\/comments?post=24161"}],"wp:featuredmedia":[{"embeddable":true,"href":"https:\/\/tusa.viewsite.link\/de\/wp-json\/wp\/v2\/media\/24167"}],"wp:attachment":[{"href":"https:\/\/tusa.viewsite.link\/de\/wp-json\/wp\/v2\/media?parent=24161"}],"wp:term":[{"taxonomy":"product_cat","embeddable":true,"href":"https:\/\/tusa.viewsite.link\/de\/wp-json\/wp\/v2\/product_cat?post=24161"},{"taxonomy":"product_tag","embeddable":true,"href":"https:\/\/tusa.viewsite.link\/de\/wp-json\/wp\/v2\/product_tag?post=24161"}],"curies":[{"name":"wp","href":"https:\/\/api.w.org\/{rel}","templated":true}]}}