{"id":24156,"date":"2024-09-09T23:09:36","date_gmt":"2024-09-09T23:09:36","guid":{"rendered":"https:\/\/tusa.viewsite.link\/product\/mini-kleio-hyperdry-jugend-reise-set\/"},"modified":"2024-09-09T23:09:36","modified_gmt":"2024-09-09T23:09:36","slug":"mini-kleio-hyperdry-jugend-reise-set","status":"publish","type":"product","link":"https:\/\/tusa.viewsite.link\/de\/produkt\/mini-kleio-hyperdry-jugend-reise-set\/","title":{"rendered":"Mini-Kleio Hyperdry Jugend Reise-Set"},"content":{"rendered":"<p>Das Mini-Kleio Hyperdry Youth Travel Set enth\u00e4lt eine UM-2000 Maske, einen USP-140 Schnorchel und eine UF0103 Flosse. Die UM-2000 Maske ist f\u00fcr ein maximales Sichtfeld konzipiert. Die Maske verf\u00fcgt \u00fcber einen hochwertigen Polycarbonat-Rahmen, EZ adjust-Schnallentechnologie und ClearVu-Glasscheiben aus geh\u00e4rtetem Glas. Der USP-140 Schnorchel verf\u00fcgt \u00fcber die TUSA Hyperdry-Technologie, die das Eindringen von Wasser in den Schnorchel verhindert. Der Schnorchel verf\u00fcgt au\u00dferdem \u00fcber eine Ablasskammer und ein Entleerungsventil zum einfachen Reinigen sowie ein Silikonmundst\u00fcck. Die UF0103 Flossen wurden speziell f\u00fcr Reisen entwickelt und verf\u00fcgen \u00fcber ein kurzes Blatt, eine weiche, bequeme Fu\u00dftasche mit offenem Absatz und ein verstellbares Silikonband. Der offene Fersenbereich erleichtert den Einstieg und sorgt f\u00fcr einen sicheren Sitz. Diese robuste Flosse ist so konstruiert, dass sie f\u00fcr ihre geringe Gr\u00f6\u00dfe eine Menge Power bietet. Das Set wird standardm\u00e4\u00dfig mit einer Reisetasche geliefert. F\u00fcr Jugendliche im Alter von 6-12 Jahren geeignet.         <\/p>\n<p>&nbsp;<\/p>\n<p><strong>Abmessungen:<\/strong><\/p>\n<p>16 x 9 x 4 Zoll<\/p>\n","protected":false},"excerpt":{"rendered":"<p>Das Mini-Kleio Hyperdry Youth Travel Set enth\u00e4lt eine UM-2000 Maske, einen USP-140 Schnorchel und eine UF0103 Flosse.<\/p>\n","protected":false},"featured_media":24162,"comment_status":"closed","ping_status":"closed","template":"","meta":{"_acf_changed":false},"product_cat":[543],"product_tag":[],"class_list":{"0":"post-24156","1":"product","2":"type-product","3":"status-publish","4":"has-post-thumbnail","6":"product_cat-jugend-reise-sets","8":"first","9":"instock","10":"purchasable","11":"product-type-variable"},"acf":[],"_links":{"self":[{"href":"https:\/\/tusa.viewsite.link\/de\/wp-json\/wp\/v2\/product\/24156","targetHints":{"allow":["GET"]}}],"collection":[{"href":"https:\/\/tusa.viewsite.link\/de\/wp-json\/wp\/v2\/product"}],"about":[{"href":"https:\/\/tusa.viewsite.link\/de\/wp-json\/wp\/v2\/types\/product"}],"replies":[{"embeddable":true,"href":"https:\/\/tusa.viewsite.link\/de\/wp-json\/wp\/v2\/comments?post=24156"}],"wp:featuredmedia":[{"embeddable":true,"href":"https:\/\/tusa.viewsite.link\/de\/wp-json\/wp\/v2\/media\/24162"}],"wp:attachment":[{"href":"https:\/\/tusa.viewsite.link\/de\/wp-json\/wp\/v2\/media?parent=24156"}],"wp:term":[{"taxonomy":"product_cat","embeddable":true,"href":"https:\/\/tusa.viewsite.link\/de\/wp-json\/wp\/v2\/product_cat?post=24156"},{"taxonomy":"product_tag","embeddable":true,"href":"https:\/\/tusa.viewsite.link\/de\/wp-json\/wp\/v2\/product_tag?post=24156"}],"curies":[{"name":"wp","href":"https:\/\/api.w.org\/{rel}","templated":true}]}}