{"id":24136,"date":"2024-09-09T23:09:36","date_gmt":"2024-09-09T23:09:36","guid":{"rendered":"https:\/\/tusa.viewsite.link\/product\/platina-hyperdry-reiseset-fuer-erwachsene\/"},"modified":"2024-09-09T23:09:36","modified_gmt":"2024-09-09T23:09:36","slug":"platina-hyperdry-reiseset-fuer-erwachsene","status":"publish","type":"product","link":"https:\/\/tusa.viewsite.link\/de\/produkt\/platina-hyperdry-reiseset-fuer-erwachsene\/","title":{"rendered":"Platina Hyperdry Reiseset f\u00fcr Erwachsene"},"content":{"rendered":"<p>Das Platina Hyperdry Reiseset f\u00fcr Erwachsene enth\u00e4lt eine UM-20 Maske, einen USP-160 Schnorchel und UF0103 Flossen. Die UM-20 Maske wurde f\u00fcr ein maximales Sichtfeld entwickelt und verf\u00fcgt \u00fcber einen hochwertigen Polycarbonat-Rahmen, EZ adjust Schnallentechnologie und eine ClearVu Hartglasscheibe. Der USP-140 Schnorchel verf\u00fcgt \u00fcber die TUSA Hyperdry-Technologie, die das Eindringen von Wasser in den Schnorchel verhindert. Der Schnorchel verf\u00fcgt au\u00dferdem \u00fcber eine Ablasskammer und ein Entleerungsventil zum einfachen Reinigen sowie \u00fcber ein Silikonmundst\u00fcck. Die UF0103 Flossen wurden speziell f\u00fcr Reisen entwickelt und verf\u00fcgen \u00fcber ein kurzes Blatt, eine weiche, bequeme Fu\u00dftasche mit offenem Absatz und ein verstellbares Silikonband. Der offene Fersenbereich erleichtert den Einstieg und sorgt f\u00fcr einen sicheren Sitz. Diese robuste Flosse ist so konstruiert, dass sie f\u00fcr ihre geringe Gr\u00f6\u00dfe eine Menge Power bietet. Das Set wird standardm\u00e4\u00dfig mit einer Reisetasche geliefert.       <\/p>\n<p>&nbsp;<\/p>\n<p><strong>Abmessungen:<\/strong><\/p>\n<p>17,56 x 12,76 x 5,79 Zoll<\/p>\n","protected":false},"excerpt":{"rendered":"<p>Das Platina Hyperdry Reiseset f\u00fcr Erwachsene enth\u00e4lt eine UM-20 Maske, einen USP-160 Schnorchel und UF0103 Flossen.<\/p>\n","protected":false},"featured_media":24143,"comment_status":"closed","ping_status":"closed","template":"","meta":{"_acf_changed":false},"product_cat":[540],"product_tag":[],"class_list":{"0":"post-24136","1":"product","2":"type-product","3":"status-publish","4":"has-post-thumbnail","6":"product_cat-reisesets-fur-erwachsene","8":"first","9":"instock","10":"purchasable","11":"product-type-variable"},"acf":[],"_links":{"self":[{"href":"https:\/\/tusa.viewsite.link\/de\/wp-json\/wp\/v2\/product\/24136","targetHints":{"allow":["GET"]}}],"collection":[{"href":"https:\/\/tusa.viewsite.link\/de\/wp-json\/wp\/v2\/product"}],"about":[{"href":"https:\/\/tusa.viewsite.link\/de\/wp-json\/wp\/v2\/types\/product"}],"replies":[{"embeddable":true,"href":"https:\/\/tusa.viewsite.link\/de\/wp-json\/wp\/v2\/comments?post=24136"}],"wp:featuredmedia":[{"embeddable":true,"href":"https:\/\/tusa.viewsite.link\/de\/wp-json\/wp\/v2\/media\/24143"}],"wp:attachment":[{"href":"https:\/\/tusa.viewsite.link\/de\/wp-json\/wp\/v2\/media?parent=24136"}],"wp:term":[{"taxonomy":"product_cat","embeddable":true,"href":"https:\/\/tusa.viewsite.link\/de\/wp-json\/wp\/v2\/product_cat?post=24136"},{"taxonomy":"product_tag","embeddable":true,"href":"https:\/\/tusa.viewsite.link\/de\/wp-json\/wp\/v2\/product_tag?post=24136"}],"curies":[{"name":"wp","href":"https:\/\/api.w.org\/{rel}","templated":true}]}}