{"id":24135,"date":"2024-09-09T23:09:36","date_gmt":"2024-09-09T23:09:36","guid":{"rendered":"https:\/\/tusa.viewsite.link\/product\/vollgesichts-schnorchelmaske\/"},"modified":"2024-09-09T23:09:36","modified_gmt":"2024-09-09T23:09:36","slug":"vollgesichts-schnorchelmaske","status":"publish","type":"product","link":"https:\/\/tusa.viewsite.link\/de\/produkt\/vollgesichts-schnorchelmaske\/","title":{"rendered":"Vollgesichts-Schnorchelmaske"},"content":{"rendered":"<p>Die TUSA Sport Full Face Schnorchelmaske bietet eine optimale Abdichtung um Ihre Nase herum. Das Design der Vollgesichtsmaske erm\u00f6glicht es Ihnen, beim Schnorcheln durch die Nase zu atmen, was das Atmen erleichtert. Keine Kieferbeschwerden durch das Bei\u00dfen auf ein unbequemes Mundst\u00fcck. Der Dry Top-Schnorchel verhindert das Eindringen von Wasser, indem er die Schlauch\u00f6ffnung schnell und effizient verschlie\u00dft. Keine Beschlagprobleme mehr dank unserer Luftzirkulationstechnologie. Das 180\u00b0-Fenster ist gr\u00f6\u00dfer als bei jeder herk\u00f6mmlichen Maske und vergr\u00f6\u00dfert Ihr Sichtfeld.     <\/p>\n<p>&nbsp;<\/p>\n<p><strong>Abmessungen:<\/strong><\/p>\n<p>S\/M: 4-4.5 in<br \/>\n M\/L: 4.25\/5 in<br \/>\n L\/XL: 4.75\/5.5 in<\/p>\n","protected":false},"excerpt":{"rendered":"<p>Gro\u00dfes Sichtfeld und kein Beschlagen mehr dank unserer patentierten und unabh\u00e4ngig getesteten Luftzirkulationstechnologie.<\/p>\n","protected":false},"featured_media":24137,"comment_status":"closed","ping_status":"closed","template":"","meta":{"_acf_changed":false},"product_cat":[536],"product_tag":[],"class_list":{"0":"post-24135","1":"product","2":"type-product","3":"status-publish","4":"has-post-thumbnail","6":"product_cat-masken-de","8":"first","9":"instock","10":"purchasable","11":"product-type-variable"},"acf":[],"_links":{"self":[{"href":"https:\/\/tusa.viewsite.link\/de\/wp-json\/wp\/v2\/product\/24135","targetHints":{"allow":["GET"]}}],"collection":[{"href":"https:\/\/tusa.viewsite.link\/de\/wp-json\/wp\/v2\/product"}],"about":[{"href":"https:\/\/tusa.viewsite.link\/de\/wp-json\/wp\/v2\/types\/product"}],"replies":[{"embeddable":true,"href":"https:\/\/tusa.viewsite.link\/de\/wp-json\/wp\/v2\/comments?post=24135"}],"wp:featuredmedia":[{"embeddable":true,"href":"https:\/\/tusa.viewsite.link\/de\/wp-json\/wp\/v2\/media\/24137"}],"wp:attachment":[{"href":"https:\/\/tusa.viewsite.link\/de\/wp-json\/wp\/v2\/media?parent=24135"}],"wp:term":[{"taxonomy":"product_cat","embeddable":true,"href":"https:\/\/tusa.viewsite.link\/de\/wp-json\/wp\/v2\/product_cat?post=24135"},{"taxonomy":"product_tag","embeddable":true,"href":"https:\/\/tusa.viewsite.link\/de\/wp-json\/wp\/v2\/product_tag?post=24135"}],"curies":[{"name":"wp","href":"https:\/\/api.w.org\/{rel}","templated":true}]}}