{"id":24117,"date":"2024-09-09T23:09:36","date_gmt":"2024-09-09T23:09:36","guid":{"rendered":"https:\/\/tusa.viewsite.link\/product\/scharfschuetze-ii\/"},"modified":"2024-09-09T23:09:36","modified_gmt":"2024-09-09T23:09:36","slug":"scharfschuetze-ii","status":"publish","type":"product","link":"https:\/\/tusa.viewsite.link\/de\/produkt\/scharfschuetze-ii\/","title":{"rendered":"Scharfsch\u00fctze II"},"content":{"rendered":"<p>Die ideale Rennsportbrille, wenn jeder Sekundenbruchteil z\u00e4hlt. Die Sniper II bietet raffinierte Funktionen und ein \u00fcberlegenes Design. \u00c4ndern Sie Ihren Sitz schnell und einfach mit den austauschbaren Nasenst\u00fccken der VIEW.   <\/p>\n<p>Die kleinen, aber bequemen Augendichtungen sorgen daf\u00fcr, dass die Goggle direkt in der Augenh\u00f6hle sitzt und so den Wasserwiderstand und den Luftwiderstand verringert. Die Sniper II Goggle wird mit 3 verstellbaren Nasenstegen geliefert, die eine bessere Passform bieten und ein Verziehen der Gl\u00e4ser verhindern, was das Anziehen der Goggle erleichtert. Dies erm\u00f6glicht eine ideale Passform f\u00fcr jedes Gesicht. Das einfache, aber hochwertige geteilte Kopfband erm\u00f6glicht eine schnelle und einfache Anpassung.   <\/p>\n<p>&nbsp;<\/p>\n<p><strong>Abmessungen:<\/strong><\/p>\n<p>6,9 x 2,7 x 2 Zoll<\/p>\n","protected":false},"excerpt":{"rendered":"<p>Die ideale Rennsportbrille, wenn jeder Sekundenbruchteil z\u00e4hlt. Die Sniper II bietet raffinierte Funktionen und ein \u00fcberlegenes Design.<\/p>\n","protected":false},"featured_media":24119,"comment_status":"closed","ping_status":"closed","template":"","meta":{"_acf_changed":false},"product_cat":[542,541],"product_tag":[],"class_list":{"0":"post-24117","1":"product","2":"type-product","3":"status-publish","4":"has-post-thumbnail","6":"product_cat-alle-schutzbrillen","7":"product_cat-rennsport","9":"first","10":"instock","11":"purchasable","12":"product-type-variable"},"acf":[],"_links":{"self":[{"href":"https:\/\/tusa.viewsite.link\/de\/wp-json\/wp\/v2\/product\/24117","targetHints":{"allow":["GET"]}}],"collection":[{"href":"https:\/\/tusa.viewsite.link\/de\/wp-json\/wp\/v2\/product"}],"about":[{"href":"https:\/\/tusa.viewsite.link\/de\/wp-json\/wp\/v2\/types\/product"}],"replies":[{"embeddable":true,"href":"https:\/\/tusa.viewsite.link\/de\/wp-json\/wp\/v2\/comments?post=24117"}],"wp:featuredmedia":[{"embeddable":true,"href":"https:\/\/tusa.viewsite.link\/de\/wp-json\/wp\/v2\/media\/24119"}],"wp:attachment":[{"href":"https:\/\/tusa.viewsite.link\/de\/wp-json\/wp\/v2\/media?parent=24117"}],"wp:term":[{"taxonomy":"product_cat","embeddable":true,"href":"https:\/\/tusa.viewsite.link\/de\/wp-json\/wp\/v2\/product_cat?post=24117"},{"taxonomy":"product_tag","embeddable":true,"href":"https:\/\/tusa.viewsite.link\/de\/wp-json\/wp\/v2\/product_tag?post=24117"}],"curies":[{"name":"wp","href":"https:\/\/api.w.org\/{rel}","templated":true}]}}