{"id":24106,"date":"2024-09-09T23:09:36","date_gmt":"2024-09-09T23:09:36","guid":{"rendered":"https:\/\/tusa.viewsite.link\/product\/klinge-null\/"},"modified":"2024-09-09T23:09:36","modified_gmt":"2024-09-09T23:09:36","slug":"klinge-null","status":"publish","type":"product","link":"https:\/\/tusa.viewsite.link\/de\/produkt\/klinge-null\/","title":{"rendered":"Klinge Null"},"content":{"rendered":"<p>Die V-127A Blade ZERO Goggle ist die ultimative Wettkampf-Schwimmbrille mit reduziertem Luftwiderstand und Widerstand. Die V-f\u00f6rmigen Seitenb\u00fcgel der Blade ZERO reduzieren den Luftwiderstand beim Schwimmen mit hoher Geschwindigkeit erheblich und sorgen f\u00fcr einen hervorragenden Sitz. Dies hilft Leistungsschwimmern, ihre H\u00f6chstleistung zu erreichen. Die neue, gebogene Form der Blade-Brille sorgt f\u00fcr eine sanftere Wasserstr\u00f6mung als herk\u00f6mmliche Blade-Brillen und bietet einen geringeren Widerstand. Die Blade ZERO Goggle wird mit drei austauschbaren Nasenst\u00fccken geliefert. Das einfache, aber hochwertige verstellbare geteilte Kopfband erm\u00f6glicht eine schnelle und einfache Anpassung.     <\/p>\n<p>&nbsp;<\/p>\n<p><strong>Abmessungen:<\/strong><\/p>\n<p>7,62 x 20,32 x 7,61 Zoll<\/p>\n","protected":false},"excerpt":{"rendered":"<p>Die V-127A Blade ZERO Mirrored Goggle ist die ultimative Wettkampf-Schwimmbrille mit reduziertem Widerstand und Widerstand.<\/p>\n","protected":false},"featured_media":24110,"comment_status":"closed","ping_status":"closed","template":"","meta":{"_acf_changed":false},"product_cat":[542,541],"product_tag":[],"class_list":{"0":"post-24106","1":"product","2":"type-product","3":"status-publish","4":"has-post-thumbnail","6":"product_cat-alle-schutzbrillen","7":"product_cat-rennsport","9":"first","10":"instock","11":"purchasable","12":"product-type-variable"},"acf":[],"_links":{"self":[{"href":"https:\/\/tusa.viewsite.link\/de\/wp-json\/wp\/v2\/product\/24106","targetHints":{"allow":["GET"]}}],"collection":[{"href":"https:\/\/tusa.viewsite.link\/de\/wp-json\/wp\/v2\/product"}],"about":[{"href":"https:\/\/tusa.viewsite.link\/de\/wp-json\/wp\/v2\/types\/product"}],"replies":[{"embeddable":true,"href":"https:\/\/tusa.viewsite.link\/de\/wp-json\/wp\/v2\/comments?post=24106"}],"wp:featuredmedia":[{"embeddable":true,"href":"https:\/\/tusa.viewsite.link\/de\/wp-json\/wp\/v2\/media\/24110"}],"wp:attachment":[{"href":"https:\/\/tusa.viewsite.link\/de\/wp-json\/wp\/v2\/media?parent=24106"}],"wp:term":[{"taxonomy":"product_cat","embeddable":true,"href":"https:\/\/tusa.viewsite.link\/de\/wp-json\/wp\/v2\/product_cat?post=24106"},{"taxonomy":"product_tag","embeddable":true,"href":"https:\/\/tusa.viewsite.link\/de\/wp-json\/wp\/v2\/product_tag?post=24106"}],"curies":[{"name":"wp","href":"https:\/\/api.w.org\/{rel}","templated":true}]}}