{"id":24057,"date":"2024-09-09T23:09:36","date_gmt":"2024-09-09T23:09:36","guid":{"rendered":"https:\/\/tusa.viewsite.link\/product\/klinge-orca\/"},"modified":"2024-09-09T23:09:36","modified_gmt":"2024-09-09T23:09:36","slug":"klinge-orca","status":"publish","type":"product","link":"https:\/\/tusa.viewsite.link\/de\/produkt\/klinge-orca\/","title":{"rendered":"Klinge ORCA"},"content":{"rendered":"<p>Die V-230A Blade ORCA Goggle bietet mit ihren einzigartig geformten Gl\u00e4sern einen geringeren Luftwiderstand und verschafft Leistungsschwimmern einen Vorteil gegen\u00fcber ihren Konkurrenten. Die gebogene Form der Blade Goggle sorgt f\u00fcr eine verbesserte Wasserstr\u00f6mung und minimiert den Widerstand im Vergleich zu herk\u00f6mmlichen Blade Goggles. Die Blade ORCA Schwimmbrille wird mit vier (4) austauschbaren Nasenst\u00fccken geliefert. Das verstellbare, geteilte Kopfband erm\u00f6glicht eine schnelle und einfache Anpassung. Eine Super-Anti-Beschlag-Behandlung sorgt f\u00fcr eine extrem klare Sicht.    <\/p>\n<p>&nbsp;<\/p>\n<p><strong>Abmessungen:<\/strong><\/p>\n<p>7,8 x 2,48 x 1,72 Zoll<\/p>\n","protected":false},"excerpt":{"rendered":"<p>Die V-230A Blade ORCA Goggle bietet mit ihren einzigartig geformten Gl\u00e4sern einen reduzierten Luftwiderstand und verschafft Leistungsschwimmern einen Vorteil gegen\u00fcber ihren Konkurrenten.<\/p>\n","protected":false},"featured_media":24059,"comment_status":"closed","ping_status":"closed","template":"","meta":{"_acf_changed":false},"product_cat":[542,541],"product_tag":[],"class_list":{"0":"post-24057","1":"product","2":"type-product","3":"status-publish","4":"has-post-thumbnail","6":"product_cat-alle-schutzbrillen","7":"product_cat-rennsport","9":"first","10":"instock","11":"purchasable","12":"product-type-variable"},"acf":[],"_links":{"self":[{"href":"https:\/\/tusa.viewsite.link\/de\/wp-json\/wp\/v2\/product\/24057","targetHints":{"allow":["GET"]}}],"collection":[{"href":"https:\/\/tusa.viewsite.link\/de\/wp-json\/wp\/v2\/product"}],"about":[{"href":"https:\/\/tusa.viewsite.link\/de\/wp-json\/wp\/v2\/types\/product"}],"replies":[{"embeddable":true,"href":"https:\/\/tusa.viewsite.link\/de\/wp-json\/wp\/v2\/comments?post=24057"}],"wp:featuredmedia":[{"embeddable":true,"href":"https:\/\/tusa.viewsite.link\/de\/wp-json\/wp\/v2\/media\/24059"}],"wp:attachment":[{"href":"https:\/\/tusa.viewsite.link\/de\/wp-json\/wp\/v2\/media?parent=24057"}],"wp:term":[{"taxonomy":"product_cat","embeddable":true,"href":"https:\/\/tusa.viewsite.link\/de\/wp-json\/wp\/v2\/product_cat?post=24057"},{"taxonomy":"product_tag","embeddable":true,"href":"https:\/\/tusa.viewsite.link\/de\/wp-json\/wp\/v2\/product_tag?post=24057"}],"curies":[{"name":"wp","href":"https:\/\/api.w.org\/{rel}","templated":true}]}}