{"id":24044,"date":"2024-09-09T23:09:36","date_gmt":"2024-09-09T23:09:36","guid":{"rendered":"https:\/\/tusa.viewsite.link\/product\/visio-tri-ex-maske-fuer-erwachsene\/"},"modified":"2024-09-09T23:09:36","modified_gmt":"2024-09-09T23:09:36","slug":"visio-tri-ex-maske-fuer-erwachsene","status":"publish","type":"product","link":"https:\/\/tusa.viewsite.link\/de\/produkt\/visio-tri-ex-maske-fuer-erwachsene\/","title":{"rendered":"Visio Tri-Ex Maske f\u00fcr Erwachsene"},"content":{"rendered":"<p>Die UM31QB Visio Tri-Ex Maske ist eine revolution\u00e4re 3-Fenster-Maske, die einen ultraweiten 168\u00b0-Panoramablick bietet. Dieser erstaunlich weite Blickwinkel wird durch die gew\u00f6lbten Seitenfenster und die deutliche Reduzierung der Rahmenstruktur um die Gl\u00e4ser herum erreicht, wodurch sich das Sichtfeld im Vergleich zu herk\u00f6mmlichen Masken drastisch vergr\u00f6\u00dfert. Die UM31QB Maske schmiegt sich sanft an die Konturen Ihres Gesichts an. Diese aus reinem Silikon gefertigte Maske wurde f\u00fcr Taucher entwickelt, die eine breite Frontscheibe in Kombination mit einem geringen Volumen w\u00fcnschen.   <\/p>\n<p>&nbsp;<\/p>\n<p><strong>Abmessungen:<\/strong><\/p>\n<p>19,2 x 9,5 x 3,7 Zoll<\/p>\n","protected":false},"excerpt":{"rendered":"<p>Die UM31QB Visio Tri-Ex Maske ist eine revolution\u00e4re 3-Fenster-Maske, die einen ultraweiten 168\u00b0-Rundumblick bietet.<\/p>\n","protected":false},"featured_media":24049,"comment_status":"closed","ping_status":"closed","template":"","meta":{"_acf_changed":false},"product_cat":[536],"product_tag":[],"class_list":{"0":"post-24044","1":"product","2":"type-product","3":"status-publish","4":"has-post-thumbnail","6":"product_cat-masken-de","8":"first","9":"instock","10":"purchasable","11":"product-type-variable"},"acf":[],"_links":{"self":[{"href":"https:\/\/tusa.viewsite.link\/de\/wp-json\/wp\/v2\/product\/24044","targetHints":{"allow":["GET"]}}],"collection":[{"href":"https:\/\/tusa.viewsite.link\/de\/wp-json\/wp\/v2\/product"}],"about":[{"href":"https:\/\/tusa.viewsite.link\/de\/wp-json\/wp\/v2\/types\/product"}],"replies":[{"embeddable":true,"href":"https:\/\/tusa.viewsite.link\/de\/wp-json\/wp\/v2\/comments?post=24044"}],"wp:featuredmedia":[{"embeddable":true,"href":"https:\/\/tusa.viewsite.link\/de\/wp-json\/wp\/v2\/media\/24049"}],"wp:attachment":[{"href":"https:\/\/tusa.viewsite.link\/de\/wp-json\/wp\/v2\/media?parent=24044"}],"wp:term":[{"taxonomy":"product_cat","embeddable":true,"href":"https:\/\/tusa.viewsite.link\/de\/wp-json\/wp\/v2\/product_cat?post=24044"},{"taxonomy":"product_tag","embeddable":true,"href":"https:\/\/tusa.viewsite.link\/de\/wp-json\/wp\/v2\/product_tag?post=24044"}],"curies":[{"name":"wp","href":"https:\/\/api.w.org\/{rel}","templated":true}]}}