{"id":24030,"date":"2024-09-09T23:09:36","date_gmt":"2024-09-09T23:09:36","guid":{"rendered":"https:\/\/tusa.viewsite.link\/product\/pirana-gespiegelt\/"},"modified":"2024-09-09T23:09:36","modified_gmt":"2024-09-09T23:09:36","slug":"pirana-gespiegelt","status":"publish","type":"product","link":"https:\/\/tusa.viewsite.link\/de\/produkt\/pirana-gespiegelt\/","title":{"rendered":"Pirana (Gespiegelt)"},"content":{"rendered":"<p>Die V-220 Schwimmbrille ist Teil unserer Masters-Rennbrillenlinie. Die Brille wurde mit Blick auf den Komfort der Schwimmer entwickelt und verf\u00fcgt \u00fcber ein weites Sichtfeld und eine weiche Passform f\u00fcr mehr Komfort. Sie hat einen UV-Schutz, eine Super-Anti-Beschlag-Behandlung und ein verstellbares Band. Die V-220 ist mit verspiegelten Gl\u00e4sern ausgestattet, die das Sonnenlicht reflektieren und so Blendeffekte reduzieren. Diese Eigenschaft verbessert die Sicht des Schwimmers drastisch.    <\/p>\n<p>&nbsp;<\/p>\n<p><strong>Abmessungen:<\/strong><\/p>\n<p>9 x 3 x 2 Zoll<\/p>\n","protected":false},"excerpt":{"rendered":"<p>Die Pirana wurde mit Blick auf den Komfort des Schwimmers entworfen und bietet einen weiten Blick und eine weiche Passform, um den Komfort zu erh\u00f6hen.<\/p>\n","protected":false},"featured_media":24037,"comment_status":"closed","ping_status":"closed","template":"","meta":{"_acf_changed":false},"product_cat":[542,541],"product_tag":[],"class_list":{"0":"post-24030","1":"product","2":"type-product","3":"status-publish","4":"has-post-thumbnail","6":"product_cat-alle-schutzbrillen","7":"product_cat-rennsport","9":"first","10":"instock","11":"purchasable","12":"product-type-variable"},"acf":[],"_links":{"self":[{"href":"https:\/\/tusa.viewsite.link\/de\/wp-json\/wp\/v2\/product\/24030","targetHints":{"allow":["GET"]}}],"collection":[{"href":"https:\/\/tusa.viewsite.link\/de\/wp-json\/wp\/v2\/product"}],"about":[{"href":"https:\/\/tusa.viewsite.link\/de\/wp-json\/wp\/v2\/types\/product"}],"replies":[{"embeddable":true,"href":"https:\/\/tusa.viewsite.link\/de\/wp-json\/wp\/v2\/comments?post=24030"}],"wp:featuredmedia":[{"embeddable":true,"href":"https:\/\/tusa.viewsite.link\/de\/wp-json\/wp\/v2\/media\/24037"}],"wp:attachment":[{"href":"https:\/\/tusa.viewsite.link\/de\/wp-json\/wp\/v2\/media?parent=24030"}],"wp:term":[{"taxonomy":"product_cat","embeddable":true,"href":"https:\/\/tusa.viewsite.link\/de\/wp-json\/wp\/v2\/product_cat?post=24030"},{"taxonomy":"product_tag","embeddable":true,"href":"https:\/\/tusa.viewsite.link\/de\/wp-json\/wp\/v2\/product_tag?post=24030"}],"curies":[{"name":"wp","href":"https:\/\/api.w.org\/{rel}","templated":true}]}}