{"id":24029,"date":"2024-09-09T23:09:36","date_gmt":"2024-09-09T23:09:36","guid":{"rendered":"https:\/\/tusa.viewsite.link\/product\/powerview-adult-dry-travel-set\/"},"modified":"2024-09-09T23:09:36","modified_gmt":"2024-09-09T23:09:36","slug":"powerview-adult-dry-travel-set","status":"publish","type":"product","link":"https:\/\/tusa.viewsite.link\/de\/produkt\/powerview-adult-dry-travel-set\/","title":{"rendered":"Powerview Adult Dry Travel Set"},"content":{"rendered":"<p>Das Powerview Trockenreiseset umfasst eine hochwertige 2-Fenster-Maske mit verbesserter Sicht, EZ adjust-Schnallentechnologie, ClearVu-Glasscheibe aus geh\u00e4rtetem Glas sowie Sch\u00fcrze und Riemen aus reinem Silikon. Der Trockenschnorchel verf\u00fcgt \u00fcber die TUSA Hyperdry Elite Dry Top Technologie (pat p), die das Eindringen von Wasser in den Schnorchel verhindert, eine Ablasskammer und ein Entleerungsventil zum einfachen Reinigen sowie ein Silikonmundst\u00fcck. Die Flossen haben ein fortschrittliches Multi-Flex-Design mit langen Bl\u00e4ttern, Schubkanaltechnologie f\u00fcr \u00fcberlegenen Vortrieb und die Fu\u00dftasche besteht aus einer weichen, haltbaren Mischung, die f\u00fcr Komfort sorgt. Das offene Fersendesign erm\u00f6glicht eine schnelle und einfache Gr\u00f6\u00dfenanpassung und das Silikon-Fersenband erh\u00f6ht den Komfort und die Haltbarkeit. Diese Flosse ist so konstruiert, dass sie f\u00fcr ihre kompakte Gr\u00f6\u00dfe eine Menge Power bietet. Die Flossen sind leicht und ideal f\u00fcr die Reise. Wird standardm\u00e4\u00dfig mit einer Reisetasche geliefert.      <\/p>\n<p>&nbsp;<\/p>\n<p><strong>Abmessungen:<\/strong><\/p>\n<p>18,5 x 9 x 4 Zoll<\/p>\n","protected":false},"excerpt":{"rendered":"<p>Das Powerview Trockenreiseset enth\u00e4lt eine hochwertige 2-Fenster-Maske mit verbesserter Sicht, EZ adjust-Schnallentechnologie, ClearVu-Glasscheibe aus geh\u00e4rtetem Glas sowie eine Sch\u00fcrze und ein Band aus reinem Silikon.<\/p>\n","protected":false},"featured_media":24031,"comment_status":"closed","ping_status":"closed","template":"","meta":{"_acf_changed":false},"product_cat":[540],"product_tag":[],"class_list":{"0":"post-24029","1":"product","2":"type-product","3":"status-publish","4":"has-post-thumbnail","6":"product_cat-reisesets-fur-erwachsene","8":"first","9":"instock","10":"purchasable","11":"product-type-variable"},"acf":[],"_links":{"self":[{"href":"https:\/\/tusa.viewsite.link\/de\/wp-json\/wp\/v2\/product\/24029","targetHints":{"allow":["GET"]}}],"collection":[{"href":"https:\/\/tusa.viewsite.link\/de\/wp-json\/wp\/v2\/product"}],"about":[{"href":"https:\/\/tusa.viewsite.link\/de\/wp-json\/wp\/v2\/types\/product"}],"replies":[{"embeddable":true,"href":"https:\/\/tusa.viewsite.link\/de\/wp-json\/wp\/v2\/comments?post=24029"}],"wp:featuredmedia":[{"embeddable":true,"href":"https:\/\/tusa.viewsite.link\/de\/wp-json\/wp\/v2\/media\/24031"}],"wp:attachment":[{"href":"https:\/\/tusa.viewsite.link\/de\/wp-json\/wp\/v2\/media?parent=24029"}],"wp:term":[{"taxonomy":"product_cat","embeddable":true,"href":"https:\/\/tusa.viewsite.link\/de\/wp-json\/wp\/v2\/product_cat?post=24029"},{"taxonomy":"product_tag","embeddable":true,"href":"https:\/\/tusa.viewsite.link\/de\/wp-json\/wp\/v2\/product_tag?post=24029"}],"curies":[{"name":"wp","href":"https:\/\/api.w.org\/{rel}","templated":true}]}}