{"id":24012,"date":"2024-09-09T23:09:23","date_gmt":"2024-09-09T23:09:23","guid":{"rendered":"https:\/\/tusa.viewsite.link\/product\/maske-schnorchel-kombination-fuer-erwachsene-gespiegelt\/"},"modified":"2024-09-09T23:09:23","modified_gmt":"2024-09-09T23:09:23","slug":"maske-schnorchel-kombination-fuer-erwachsene-gespiegelt","status":"publish","type":"product","link":"https:\/\/tusa.viewsite.link\/de\/produkt\/maske-schnorchel-kombination-fuer-erwachsene-gespiegelt\/","title":{"rendered":"Maske\/Schnorchel-Kombination f\u00fcr Erwachsene &#8211; gespiegelt"},"content":{"rendered":"<p>Die Maske &amp; Schnorchel-Kombination f\u00fcr Erwachsene &#8211; verspiegelt &#8211; umfasst eine Maske mit einem einzigen Fenster und einem weiten Sichtfeld mit rundem Silikonrand, dem EZ-Schnallensystem und geh\u00e4rteten, verspiegelten Gl\u00e4sern. Der Schnorchel ist mit der exklusiven Hyperdry Elite-Technologie von TUSA ausgestattet, die das Eindringen von Wasser in den Schnorchel reduziert, und verf\u00fcgt \u00fcber eine Ablasskammer und ein Entleerungsventil f\u00fcr eine einfache Reinigung sowie ein Mundst\u00fcck aus lebensmittelechtem Silikon. <\/p>\n<p>&nbsp;<\/p>\n<p><strong>Abmessungen:<\/strong><\/p>\n<p>Abmessungen: 15.6 x 5.3 x 3.5<br \/>\n Produktgewicht: 1.2 lb<\/p>\n","protected":false},"excerpt":{"rendered":"<p>Die Maske &amp; Schnorchel-Kombination f\u00fcr Erwachsene &#8211; gespiegelt &#8211; enth\u00e4lt eine Maske mit einem einzigen Fenster und einem geringen Volumen. Der Schnorchel ist mit der exklusiven Hyperdry Elite-Technologie von TUSA ausgestattet.<\/p>\n","protected":false},"featured_media":24014,"comment_status":"closed","ping_status":"closed","template":"","meta":{"_acf_changed":false},"product_cat":[537],"product_tag":[],"class_list":{"0":"post-24012","1":"product","2":"type-product","3":"status-publish","4":"has-post-thumbnail","6":"product_cat-erwachsene-combos","8":"first","9":"instock","10":"purchasable","11":"product-type-variable"},"acf":[],"_links":{"self":[{"href":"https:\/\/tusa.viewsite.link\/de\/wp-json\/wp\/v2\/product\/24012","targetHints":{"allow":["GET"]}}],"collection":[{"href":"https:\/\/tusa.viewsite.link\/de\/wp-json\/wp\/v2\/product"}],"about":[{"href":"https:\/\/tusa.viewsite.link\/de\/wp-json\/wp\/v2\/types\/product"}],"replies":[{"embeddable":true,"href":"https:\/\/tusa.viewsite.link\/de\/wp-json\/wp\/v2\/comments?post=24012"}],"wp:featuredmedia":[{"embeddable":true,"href":"https:\/\/tusa.viewsite.link\/de\/wp-json\/wp\/v2\/media\/24014"}],"wp:attachment":[{"href":"https:\/\/tusa.viewsite.link\/de\/wp-json\/wp\/v2\/media?parent=24012"}],"wp:term":[{"taxonomy":"product_cat","embeddable":true,"href":"https:\/\/tusa.viewsite.link\/de\/wp-json\/wp\/v2\/product_cat?post=24012"},{"taxonomy":"product_tag","embeddable":true,"href":"https:\/\/tusa.viewsite.link\/de\/wp-json\/wp\/v2\/product_tag?post=24012"}],"curies":[{"name":"wp","href":"https:\/\/api.w.org\/{rel}","templated":true}]}}