{"id":23995,"date":"2024-09-09T23:09:23","date_gmt":"2024-09-09T23:09:23","guid":{"rendered":"https:\/\/tusa.viewsite.link\/product\/mini-platina-jugend-combo\/"},"modified":"2024-09-09T23:09:23","modified_gmt":"2024-09-09T23:09:23","slug":"mini-platina-jugend-combo","status":"publish","type":"product","link":"https:\/\/tusa.viewsite.link\/de\/produkt\/mini-platina-jugend-combo\/","title":{"rendered":"Mini Platina Jugend Combo"},"content":{"rendered":"<p>Die Kombination aus UC-1214 Mini-Platina Maske und Schnorchel besteht aus einer 1-Fenster-Maske mit geringem Volumen und verbesserter Sicht, EZ adjust Schnallentechnologie, ClearVu geh\u00e4rtetem Glas und einer Sch\u00fcrze und einem Band aus reinem Silikon. Der Schnorchel verf\u00fcgt \u00fcber die TUSA Hyperdry-Technologie, die das Eindringen von Wasser in den Schnorchel und das Silikonmundst\u00fcck reduziert. Der UC-1214 passt gut zu unseren UF-14Z oder UF-21 Flossen. Passend f\u00fcr 6-12 Jahre.   <\/p>\n<p>&nbsp;<\/p>\n<p><strong>Abmessungen:<\/strong><\/p>\n<p>19 x 10 x 5 Zoll<\/p>\n","protected":false},"excerpt":{"rendered":"<p>Der UC-1214 enth\u00e4lt eine 1-Fenster-Maske und einen Schnorchel mit Hyperdry-Technologie. Sie passt gut zu unseren UF-14Z oder UF-21 Flossen. Passend f\u00fcr 6-12 Jahre.  <\/p>\n","protected":false},"featured_media":23998,"comment_status":"closed","ping_status":"closed","template":"","meta":{"_acf_changed":false},"product_cat":[539],"product_tag":[],"class_list":{"0":"post-23995","1":"product","2":"type-product","3":"status-publish","4":"has-post-thumbnail","6":"product_cat-jugend-kombis","8":"first","9":"instock","10":"purchasable","11":"product-type-variable"},"acf":[],"_links":{"self":[{"href":"https:\/\/tusa.viewsite.link\/de\/wp-json\/wp\/v2\/product\/23995","targetHints":{"allow":["GET"]}}],"collection":[{"href":"https:\/\/tusa.viewsite.link\/de\/wp-json\/wp\/v2\/product"}],"about":[{"href":"https:\/\/tusa.viewsite.link\/de\/wp-json\/wp\/v2\/types\/product"}],"replies":[{"embeddable":true,"href":"https:\/\/tusa.viewsite.link\/de\/wp-json\/wp\/v2\/comments?post=23995"}],"wp:featuredmedia":[{"embeddable":true,"href":"https:\/\/tusa.viewsite.link\/de\/wp-json\/wp\/v2\/media\/23998"}],"wp:attachment":[{"href":"https:\/\/tusa.viewsite.link\/de\/wp-json\/wp\/v2\/media?parent=23995"}],"wp:term":[{"taxonomy":"product_cat","embeddable":true,"href":"https:\/\/tusa.viewsite.link\/de\/wp-json\/wp\/v2\/product_cat?post=23995"},{"taxonomy":"product_tag","embeddable":true,"href":"https:\/\/tusa.viewsite.link\/de\/wp-json\/wp\/v2\/product_tag?post=23995"}],"curies":[{"name":"wp","href":"https:\/\/api.w.org\/{rel}","templated":true}]}}