{"id":23994,"date":"2024-09-09T23:09:23","date_gmt":"2024-09-09T23:09:23","guid":{"rendered":"https:\/\/tusa.viewsite.link\/product\/imprex-3d-dry-adult-combo\/"},"modified":"2024-09-09T23:09:23","modified_gmt":"2024-09-09T23:09:23","slug":"imprex-3d-dry-adult-combo","status":"publish","type":"product","link":"https:\/\/tusa.viewsite.link\/de\/produkt\/imprex-3d-dry-adult-combo\/","title":{"rendered":"Imprex 3D Dry Adult Combo"},"content":{"rendered":"<p>Der UC-3325 Imprex 3-D Dry besteht aus einer Maske mit einem Fenster, die 2 Seitenfenster f\u00fcr eine verbesserte Rundumsicht und periphere Sicht bietet, dem patentierten Hyperdry-Nasensp\u00fclsystem von TUSA, das ein einfaches, unkompliziertes Reinigen der Maske mit einem einzigen Ausatmen erm\u00f6glicht, der EZ Adjust-Schnallentechnologie, dem ClearVu-Glas aus geh\u00e4rtetem Glas und einer Sch\u00fcrze und einem Band aus reinem Silikon. Der Trockenschnorchel verf\u00fcgt \u00fcber die TUSA Hyperdry Elite Dry Top Technologie (pat p), die das Eindringen von Wasser in den Schnorchel verhindert, eine Ablasskammer und ein Ablassventil f\u00fcr einfaches Reinigen sowie einen flexiblen Hals und ein Mundst\u00fcck aus reinem Silikon. Der UC-3325 passt gut zu unseren UF-14Z oder UF-21 Flossen.  <\/p>\n<p>&nbsp;<\/p>\n<p><strong>Abmessungen:<\/strong><\/p>\n<p>18 x 7 x 3 Zoll<\/p>\n","protected":false},"excerpt":{"rendered":"<p>Der UC-3325 Imprex 3-D Dry besteht aus einer Maske mit einem Fenster, die 2 Seitenfenster f\u00fcr eine verbesserte Rundumsicht und periphere Sicht hat, und einem Trockenschnorchel mit der TUSA Hyperdry Elite Dry Top Technologie.<\/p>\n","protected":false},"featured_media":23996,"comment_status":"closed","ping_status":"closed","template":"","meta":{"_acf_changed":false},"product_cat":[537],"product_tag":[],"class_list":{"0":"post-23994","1":"product","2":"type-product","3":"status-publish","4":"has-post-thumbnail","6":"product_cat-erwachsene-combos","8":"first","9":"instock","10":"purchasable","11":"product-type-variable"},"acf":[],"_links":{"self":[{"href":"https:\/\/tusa.viewsite.link\/de\/wp-json\/wp\/v2\/product\/23994","targetHints":{"allow":["GET"]}}],"collection":[{"href":"https:\/\/tusa.viewsite.link\/de\/wp-json\/wp\/v2\/product"}],"about":[{"href":"https:\/\/tusa.viewsite.link\/de\/wp-json\/wp\/v2\/types\/product"}],"replies":[{"embeddable":true,"href":"https:\/\/tusa.viewsite.link\/de\/wp-json\/wp\/v2\/comments?post=23994"}],"wp:featuredmedia":[{"embeddable":true,"href":"https:\/\/tusa.viewsite.link\/de\/wp-json\/wp\/v2\/media\/23996"}],"wp:attachment":[{"href":"https:\/\/tusa.viewsite.link\/de\/wp-json\/wp\/v2\/media?parent=23994"}],"wp:term":[{"taxonomy":"product_cat","embeddable":true,"href":"https:\/\/tusa.viewsite.link\/de\/wp-json\/wp\/v2\/product_cat?post=23994"},{"taxonomy":"product_tag","embeddable":true,"href":"https:\/\/tusa.viewsite.link\/de\/wp-json\/wp\/v2\/product_tag?post=23994"}],"curies":[{"name":"wp","href":"https:\/\/api.w.org\/{rel}","templated":true}]}}