{"id":23969,"date":"2024-09-09T23:09:23","date_gmt":"2024-09-09T23:09:23","guid":{"rendered":"https:\/\/tusa.viewsite.link\/product\/splendive-erwachsene-combo\/"},"modified":"2024-09-09T23:09:23","modified_gmt":"2024-09-09T23:09:23","slug":"splendive-erwachsene-combo","status":"publish","type":"product","link":"https:\/\/tusa.viewsite.link\/de\/produkt\/splendive-erwachsene-combo\/","title":{"rendered":"Splendive Erwachsene Combo"},"content":{"rendered":"<p>Die Kombination aus UC-7519 Splendive Maske und Schnorchel besteht aus einer 2-Fenster-Maske mit geringem Volumen und verbesserter Sicht, EZ Adjust-Schnallen-Technologie, ClearVu-Glasscheibe aus geh\u00e4rtetem Glas und Sch\u00fcrze und Band aus reinem Silikon. Der Schnorchel verf\u00fcgt \u00fcber die TUSA Hyperdry-Technologie, die das Eindringen von Wasser in den Schnorchel reduziert, eine Ablasskammer und ein Entleerungsventil zum einfachen Reinigen sowie ein Mundst\u00fcck aus reinem Silikon. Der UC-7519 passt gut zu unseren UF-14Z oder UF-21 Flossen.  <\/p>\n<p>&nbsp;<\/p>\n<p><strong>Abmessungen:<\/strong><\/p>\n<p>15 x 7 x 5 Zoll<\/p>\n","protected":false},"excerpt":{"rendered":"<p>Die Kombination aus UC-7519 Splendive Maske und Schnorchel besteht aus einer 2-Fenster-Maske mit geringem Volumen und verbesserter Sicht, und der Schnorchel ist mit der TUSA Hyperdry-Technologie ausgestattet.<\/p>\n","protected":false},"featured_media":23971,"comment_status":"closed","ping_status":"closed","template":"","meta":{"_acf_changed":false},"product_cat":[537],"product_tag":[],"class_list":{"0":"post-23969","1":"product","2":"type-product","3":"status-publish","4":"has-post-thumbnail","6":"product_cat-erwachsene-combos","8":"first","9":"instock","10":"purchasable","11":"product-type-variable"},"acf":[],"_links":{"self":[{"href":"https:\/\/tusa.viewsite.link\/de\/wp-json\/wp\/v2\/product\/23969","targetHints":{"allow":["GET"]}}],"collection":[{"href":"https:\/\/tusa.viewsite.link\/de\/wp-json\/wp\/v2\/product"}],"about":[{"href":"https:\/\/tusa.viewsite.link\/de\/wp-json\/wp\/v2\/types\/product"}],"replies":[{"embeddable":true,"href":"https:\/\/tusa.viewsite.link\/de\/wp-json\/wp\/v2\/comments?post=23969"}],"wp:featuredmedia":[{"embeddable":true,"href":"https:\/\/tusa.viewsite.link\/de\/wp-json\/wp\/v2\/media\/23971"}],"wp:attachment":[{"href":"https:\/\/tusa.viewsite.link\/de\/wp-json\/wp\/v2\/media?parent=23969"}],"wp:term":[{"taxonomy":"product_cat","embeddable":true,"href":"https:\/\/tusa.viewsite.link\/de\/wp-json\/wp\/v2\/product_cat?post=23969"},{"taxonomy":"product_tag","embeddable":true,"href":"https:\/\/tusa.viewsite.link\/de\/wp-json\/wp\/v2\/product_tag?post=23969"}],"curies":[{"name":"wp","href":"https:\/\/api.w.org\/{rel}","templated":true}]}}