{"id":23950,"date":"2024-09-09T23:09:23","date_gmt":"2024-09-09T23:09:23","guid":{"rendered":"https:\/\/tusa.viewsite.link\/product\/kleio-mini-fit-jugend-kombi\/"},"modified":"2024-09-09T23:09:23","modified_gmt":"2024-09-09T23:09:23","slug":"kleio-mini-fit-jugend-kombi","status":"publish","type":"product","link":"https:\/\/tusa.viewsite.link\/de\/produkt\/kleio-mini-fit-jugend-kombi\/","title":{"rendered":"KLEIO mini FIT Jugend Kombi"},"content":{"rendered":"<p>Die UC0211P KLEIO mini FIT Maske und Schnorchel f\u00fcr Jugendliche besteht aus einer 1-Fenster-Maske mit einem neuen &#8218;Anpassungsring&#8216;, der wie keine andere Maske abdichtet, einem neu gestalteten Riemen- und Schnallensystem, einer ClearVu Hartglasscheibe und einer Sch\u00fcrze aus reinem Silikon. Der Schnorchel verf\u00fcgt \u00fcber die TUSA Hyperdry-Technologie, die das Eindringen von Wasser in den Schnorchel reduziert, ein Mundst\u00fcck aus reinem Silikon und ein flexibles Silikongelenk, das die Belastung des Mundes reduziert. Passend f\u00fcr 6-12 Jahre.  <\/p>\n<p>&nbsp;<\/p>\n<p><strong>Abmessungen:<\/strong><\/p>\n<p>17,5 x 7,1 x 2,5 Zoll<\/p>\n","protected":false},"excerpt":{"rendered":"<p>Die UC0211P KLEIO mini FIT Jugendmaske und Schnorchelkombination enth\u00e4lt eine 1-Fenster-Maske mit neuem &#8218;Anpassungsring&#8216;.<\/p>\n","protected":false},"featured_media":23953,"comment_status":"closed","ping_status":"closed","template":"","meta":{"_acf_changed":false},"product_cat":[539],"product_tag":[],"class_list":{"0":"post-23950","1":"product","2":"type-product","3":"status-publish","4":"has-post-thumbnail","6":"product_cat-jugend-kombis","8":"first","9":"instock","10":"purchasable","11":"product-type-variable"},"acf":[],"_links":{"self":[{"href":"https:\/\/tusa.viewsite.link\/de\/wp-json\/wp\/v2\/product\/23950","targetHints":{"allow":["GET"]}}],"collection":[{"href":"https:\/\/tusa.viewsite.link\/de\/wp-json\/wp\/v2\/product"}],"about":[{"href":"https:\/\/tusa.viewsite.link\/de\/wp-json\/wp\/v2\/types\/product"}],"replies":[{"embeddable":true,"href":"https:\/\/tusa.viewsite.link\/de\/wp-json\/wp\/v2\/comments?post=23950"}],"wp:featuredmedia":[{"embeddable":true,"href":"https:\/\/tusa.viewsite.link\/de\/wp-json\/wp\/v2\/media\/23953"}],"wp:attachment":[{"href":"https:\/\/tusa.viewsite.link\/de\/wp-json\/wp\/v2\/media?parent=23950"}],"wp:term":[{"taxonomy":"product_cat","embeddable":true,"href":"https:\/\/tusa.viewsite.link\/de\/wp-json\/wp\/v2\/product_cat?post=23950"},{"taxonomy":"product_tag","embeddable":true,"href":"https:\/\/tusa.viewsite.link\/de\/wp-json\/wp\/v2\/product_tag?post=23950"}],"curies":[{"name":"wp","href":"https:\/\/api.w.org\/{rel}","templated":true}]}}