{"id":23949,"date":"2024-09-09T23:09:23","date_gmt":"2024-09-09T23:09:23","guid":{"rendered":"https:\/\/tusa.viewsite.link\/product\/mini-kleio-jugend-dry-combo\/"},"modified":"2024-09-09T23:09:23","modified_gmt":"2024-09-09T23:09:23","slug":"mini-kleio-jugend-dry-combo","status":"publish","type":"product","link":"https:\/\/tusa.viewsite.link\/de\/produkt\/mini-kleio-jugend-dry-combo\/","title":{"rendered":"Mini-Kleio Jugend Dry Combo"},"content":{"rendered":"<p>Die UC-2022 Mini-Kleio Trockenschnorchel-Kombination umfasst eine 1-Fenster-Maske mit geringem Volumen und verbesserter Sicht, EZ adjust-Schnallentechnologie, ClearVu-Glasscheibe aus geh\u00e4rtetem Glas sowie Sch\u00fcrze und Riemen aus reinem Silikon. Der Trockenschnorchel verf\u00fcgt \u00fcber die TUSA Hyperdry Elite Dry Top Technologie (pat p), die das Eindringen von Wasser in den Schnorchel verhindert, eine Ablasskammer und ein Entleerungsventil zum einfachen Reinigen sowie ein Silikonmundst\u00fcck. Der UC-2022 passt gut zu unseren UF-14Z oder UF-21 Flossen. Passend f\u00fcr 6-12 Jahre.   <\/p>\n<p>&nbsp;<\/p>\n<p><strong>Abmessungen:<\/strong><\/p>\n<p>19 x 10 x 5 Zoll<\/p>\n","protected":false},"excerpt":{"rendered":"<p>Die UC-2022 Mini-Kleio Trockenschnorchel-Kombination enth\u00e4lt eine kleinvolumige 1-Fenster-Maske mit verbesserter Sicht und der Trockenschnorchel verf\u00fcgt \u00fcber die TUSA Hyperdry Elite Dry Top Technologie. Der UC-2022 passt gut zu unseren UF-14Z oder UF-21 Flossen. Geeignet f\u00fcr 6-12 Jahre.  <\/p>\n","protected":false},"featured_media":23951,"comment_status":"closed","ping_status":"closed","template":"","meta":{"_acf_changed":false},"product_cat":[539],"product_tag":[],"class_list":{"0":"post-23949","1":"product","2":"type-product","3":"status-publish","4":"has-post-thumbnail","6":"product_cat-jugend-kombis","8":"first","9":"instock","10":"purchasable","11":"product-type-variable"},"acf":[],"_links":{"self":[{"href":"https:\/\/tusa.viewsite.link\/de\/wp-json\/wp\/v2\/product\/23949","targetHints":{"allow":["GET"]}}],"collection":[{"href":"https:\/\/tusa.viewsite.link\/de\/wp-json\/wp\/v2\/product"}],"about":[{"href":"https:\/\/tusa.viewsite.link\/de\/wp-json\/wp\/v2\/types\/product"}],"replies":[{"embeddable":true,"href":"https:\/\/tusa.viewsite.link\/de\/wp-json\/wp\/v2\/comments?post=23949"}],"wp:featuredmedia":[{"embeddable":true,"href":"https:\/\/tusa.viewsite.link\/de\/wp-json\/wp\/v2\/media\/23951"}],"wp:attachment":[{"href":"https:\/\/tusa.viewsite.link\/de\/wp-json\/wp\/v2\/media?parent=23949"}],"wp:term":[{"taxonomy":"product_cat","embeddable":true,"href":"https:\/\/tusa.viewsite.link\/de\/wp-json\/wp\/v2\/product_cat?post=23949"},{"taxonomy":"product_tag","embeddable":true,"href":"https:\/\/tusa.viewsite.link\/de\/wp-json\/wp\/v2\/product_tag?post=23949"}],"curies":[{"name":"wp","href":"https:\/\/api.w.org\/{rel}","templated":true}]}}