{"id":23929,"date":"2024-09-09T23:09:23","date_gmt":"2024-09-09T23:09:23","guid":{"rendered":"https:\/\/tusa.viewsite.link\/product\/mini-kleio-jugend-combo\/"},"modified":"2024-09-09T23:09:23","modified_gmt":"2024-09-09T23:09:23","slug":"mini-kleio-jugend-combo","status":"publish","type":"product","link":"https:\/\/tusa.viewsite.link\/de\/produkt\/mini-kleio-jugend-combo\/","title":{"rendered":"Mini-Kleio Jugend Combo"},"content":{"rendered":"<p>Die UC-2014 Mini-Kleio Junior Maske und Schnorchel Kombination besteht aus einer Maske mit 1 Fenster und geringem Volumen, mit verbesserter Sicht, EZ adjust Schnallentechnologie, ClearVu geh\u00e4rtetem Glas und reinem Silikonrock und -band. Der Schnorchel verf\u00fcgt \u00fcber die TUSA Hyperdry-Technologie, die das Eindringen von Wasser in den Schnorchel reduziert, eine Ablasskammer und ein Ablassventil zum einfachen Reinigen sowie ein Silikonmundst\u00fcck. Der UC-2014 passt gut zu unseren UF-14Z oder UF-21 Flossen. Passend f\u00fcr 6-12 Jahre.   <\/p>\n<p>&nbsp;<\/p>\n<p><strong>Abmessungen:<\/strong><\/p>\n<p>16 x 5 x 3 Zoll<\/p>\n","protected":false},"excerpt":{"rendered":"<p>Die UC-2014 Mini-Kleio Junior Masken- und Schnorchelkombination besteht aus einer kleinvolumigen 1-Fenster-Maske mit verbesserter Sicht und einem Schnorchel mit TUSA Hyperdry-Technologie. Er passt gut zu unseren UF-14Z oder UF-21 Flossen. Passend f\u00fcr 6-12 Jahre.  <\/p>\n","protected":false},"featured_media":23932,"comment_status":"closed","ping_status":"closed","template":"","meta":{"_acf_changed":false},"product_cat":[539],"product_tag":[],"class_list":{"0":"post-23929","1":"product","2":"type-product","3":"status-publish","4":"has-post-thumbnail","6":"product_cat-jugend-kombis","8":"first","9":"instock","10":"purchasable","11":"product-type-variable"},"acf":[],"_links":{"self":[{"href":"https:\/\/tusa.viewsite.link\/de\/wp-json\/wp\/v2\/product\/23929","targetHints":{"allow":["GET"]}}],"collection":[{"href":"https:\/\/tusa.viewsite.link\/de\/wp-json\/wp\/v2\/product"}],"about":[{"href":"https:\/\/tusa.viewsite.link\/de\/wp-json\/wp\/v2\/types\/product"}],"replies":[{"embeddable":true,"href":"https:\/\/tusa.viewsite.link\/de\/wp-json\/wp\/v2\/comments?post=23929"}],"wp:featuredmedia":[{"embeddable":true,"href":"https:\/\/tusa.viewsite.link\/de\/wp-json\/wp\/v2\/media\/23932"}],"wp:attachment":[{"href":"https:\/\/tusa.viewsite.link\/de\/wp-json\/wp\/v2\/media?parent=23929"}],"wp:term":[{"taxonomy":"product_cat","embeddable":true,"href":"https:\/\/tusa.viewsite.link\/de\/wp-json\/wp\/v2\/product_cat?post=23929"},{"taxonomy":"product_tag","embeddable":true,"href":"https:\/\/tusa.viewsite.link\/de\/wp-json\/wp\/v2\/product_tag?post=23929"}],"curies":[{"name":"wp","href":"https:\/\/api.w.org\/{rel}","templated":true}]}}