{"id":23901,"date":"2024-09-09T23:09:23","date_gmt":"2024-09-09T23:09:23","guid":{"rendered":"https:\/\/tusa.viewsite.link\/product\/vollfuss-gummiflosse\/"},"modified":"2024-09-09T23:09:23","modified_gmt":"2024-09-09T23:09:23","slug":"vollfuss-gummiflosse","status":"publish","type":"product","link":"https:\/\/tusa.viewsite.link\/de\/produkt\/vollfuss-gummiflosse\/","title":{"rendered":"Vollfu\u00df-Gummiflosse"},"content":{"rendered":"<p>Die UF1202 ist eine Vollfu\u00dfflosse aus Weichgummi, die Strapazierf\u00e4higkeit bietet, ohne auf Komfort zu verzichten. Diese Vollfu\u00dfflosse aus Weichgummi ist ideal zum Schnorcheln und Tauchen in den Tropen. Drei Farboptionen und eine gro\u00dfe Auswahl an Gr\u00f6\u00dfen sind verf\u00fcgbar.  <\/p>\n<p>&nbsp;<\/p>\n<p><strong>Abmessungen:<\/strong><\/p>\n<p>22 x 9 x 4 Zoll<\/p>\n","protected":false},"excerpt":{"rendered":"<p>Die UF1202 ist eine Vollfu\u00dfflosse aus weichem Gummi, die Strapazierf\u00e4higkeit bietet, ohne den Komfort zu beeintr\u00e4chtigen.<\/p>\n","protected":false},"featured_media":23903,"comment_status":"closed","ping_status":"closed","template":"","meta":{"_acf_changed":false},"product_cat":[538],"product_tag":[],"class_list":{"0":"post-23901","1":"product","2":"type-product","3":"status-publish","4":"has-post-thumbnail","6":"product_cat-flossen-de","8":"first","9":"instock","10":"purchasable","11":"product-type-variable"},"acf":[],"_links":{"self":[{"href":"https:\/\/tusa.viewsite.link\/de\/wp-json\/wp\/v2\/product\/23901","targetHints":{"allow":["GET"]}}],"collection":[{"href":"https:\/\/tusa.viewsite.link\/de\/wp-json\/wp\/v2\/product"}],"about":[{"href":"https:\/\/tusa.viewsite.link\/de\/wp-json\/wp\/v2\/types\/product"}],"replies":[{"embeddable":true,"href":"https:\/\/tusa.viewsite.link\/de\/wp-json\/wp\/v2\/comments?post=23901"}],"wp:featuredmedia":[{"embeddable":true,"href":"https:\/\/tusa.viewsite.link\/de\/wp-json\/wp\/v2\/media\/23903"}],"wp:attachment":[{"href":"https:\/\/tusa.viewsite.link\/de\/wp-json\/wp\/v2\/media?parent=23901"}],"wp:term":[{"taxonomy":"product_cat","embeddable":true,"href":"https:\/\/tusa.viewsite.link\/de\/wp-json\/wp\/v2\/product_cat?post=23901"},{"taxonomy":"product_tag","embeddable":true,"href":"https:\/\/tusa.viewsite.link\/de\/wp-json\/wp\/v2\/product_tag?post=23901"}],"curies":[{"name":"wp","href":"https:\/\/api.w.org\/{rel}","templated":true}]}}