{"id":23879,"date":"2024-09-09T23:09:23","date_gmt":"2024-09-09T23:09:23","guid":{"rendered":"https:\/\/tusa.viewsite.link\/product\/serene-adult-combo\/"},"modified":"2024-09-09T23:09:23","modified_gmt":"2024-09-09T23:09:23","slug":"serene-adult-combo","status":"publish","type":"product","link":"https:\/\/tusa.viewsite.link\/de\/produkt\/serene-adult-combo\/","title":{"rendered":"Serene Adult Combo"},"content":{"rendered":"<p>Die SERENE UC-1625QB Kombi f\u00fcr Erwachsene enth\u00e4lt eine UM-16 Serene Maske und einen USP-250 Schnorchel. Die UM-16 Serene Maske schmiegt sich sanft an die Konturen Ihres Gesichts an. Die aus reinem Silikon gefertigte Serene wurde f\u00fcr Taucher entwickelt, die ein weites Sichtfeld in Kombination mit einem geringen Volumen w\u00fcnschen.   Der USP-250 Trockenschnorchel verf\u00fcgt \u00fcber die TUSA Hyperdry Elite Dry Top Technologie (pat), die das Eindringen von Wasser in den Schnorchel verhindert, eine Ablasskammer und ein Entleerungsventil f\u00fcr einfaches Reinigen sowie ein kristallines Silikonmundst\u00fcck. Der UC-1625QB passt gut zu unseren UF-21 Flossen. <\/p>\n<p>&nbsp;<\/p>\n<p><strong>Abmessungen:<\/strong><\/p>\n<p>19 x 7 x 3 Zoll<\/p>\n","protected":false},"excerpt":{"rendered":"<p>Die SERENE UC-1625QB Kombi f\u00fcr Erwachsene enth\u00e4lt eine UM-16 Serene Maske und einen USP-250 Schnorchel.<\/p>\n","protected":false},"featured_media":23891,"comment_status":"closed","ping_status":"closed","template":"","meta":{"_acf_changed":false},"product_cat":[537],"product_tag":[],"class_list":{"0":"post-23879","1":"product","2":"type-product","3":"status-publish","4":"has-post-thumbnail","6":"product_cat-erwachsene-combos","8":"first","9":"instock","10":"purchasable","11":"product-type-variable"},"acf":[],"_links":{"self":[{"href":"https:\/\/tusa.viewsite.link\/de\/wp-json\/wp\/v2\/product\/23879","targetHints":{"allow":["GET"]}}],"collection":[{"href":"https:\/\/tusa.viewsite.link\/de\/wp-json\/wp\/v2\/product"}],"about":[{"href":"https:\/\/tusa.viewsite.link\/de\/wp-json\/wp\/v2\/types\/product"}],"replies":[{"embeddable":true,"href":"https:\/\/tusa.viewsite.link\/de\/wp-json\/wp\/v2\/comments?post=23879"}],"wp:featuredmedia":[{"embeddable":true,"href":"https:\/\/tusa.viewsite.link\/de\/wp-json\/wp\/v2\/media\/23891"}],"wp:attachment":[{"href":"https:\/\/tusa.viewsite.link\/de\/wp-json\/wp\/v2\/media?parent=23879"}],"wp:term":[{"taxonomy":"product_cat","embeddable":true,"href":"https:\/\/tusa.viewsite.link\/de\/wp-json\/wp\/v2\/product_cat?post=23879"},{"taxonomy":"product_tag","embeddable":true,"href":"https:\/\/tusa.viewsite.link\/de\/wp-json\/wp\/v2\/product_tag?post=23879"}],"curies":[{"name":"wp","href":"https:\/\/api.w.org\/{rel}","templated":true}]}}