{"id":23863,"date":"2024-09-09T23:09:23","date_gmt":"2024-09-09T23:09:23","guid":{"rendered":"https:\/\/tusa.viewsite.link\/product\/kompakte-schnorchelflosse\/"},"modified":"2024-09-09T23:09:23","modified_gmt":"2024-09-09T23:09:23","slug":"kompakte-schnorchelflosse","status":"publish","type":"product","link":"https:\/\/tusa.viewsite.link\/de\/produkt\/kompakte-schnorchelflosse\/","title":{"rendered":"Kompakte Schnorchelflosse"},"content":{"rendered":"<p>Die UF0103 Flossen wurden exklusiv f\u00fcr die Reise entwickelt und verf\u00fcgen \u00fcber ein kurzes Blatt, eine weiche, komfortable Fu\u00dftasche mit offenem Absatz und ein verstellbares Silikonband. Die UF0103 Flosse verf\u00fcgt \u00fcber ein verbessertes Rippendesign und ein Multi-Compound-Blatt f\u00fcr zus\u00e4tzliche Kraft. Die offene Ferse sorgt f\u00fcr einen leichten Einstieg und einen sicheren Sitz. Diese robuste Flosse ist so konstruiert, dass sie f\u00fcr ihre geringe Gr\u00f6\u00dfe eine Menge Power bietet.   <\/p>\n<p>&nbsp;<\/p>\n<p><strong>Abmessungen:<\/strong><\/p>\n<p>12,2 x 7,7 x 2,9 Zoll<\/p>\n","protected":false},"excerpt":{"rendered":"<p>Die UF0103 Flossen wurden speziell f\u00fcr Reisen entwickelt und verf\u00fcgen \u00fcber ein kurzes Blatt, eine weiche, komfortable Fu\u00dftasche mit offenem Absatz und ein verstellbares Silikonband.<\/p>\n","protected":false},"featured_media":23864,"comment_status":"closed","ping_status":"closed","template":"","meta":{"_acf_changed":false},"product_cat":[538],"product_tag":[],"class_list":{"0":"post-23863","1":"product","2":"type-product","3":"status-publish","4":"has-post-thumbnail","6":"product_cat-flossen-de","8":"first","9":"instock","10":"purchasable","11":"product-type-variable"},"acf":[],"_links":{"self":[{"href":"https:\/\/tusa.viewsite.link\/de\/wp-json\/wp\/v2\/product\/23863","targetHints":{"allow":["GET"]}}],"collection":[{"href":"https:\/\/tusa.viewsite.link\/de\/wp-json\/wp\/v2\/product"}],"about":[{"href":"https:\/\/tusa.viewsite.link\/de\/wp-json\/wp\/v2\/types\/product"}],"replies":[{"embeddable":true,"href":"https:\/\/tusa.viewsite.link\/de\/wp-json\/wp\/v2\/comments?post=23863"}],"wp:featuredmedia":[{"embeddable":true,"href":"https:\/\/tusa.viewsite.link\/de\/wp-json\/wp\/v2\/media\/23864"}],"wp:attachment":[{"href":"https:\/\/tusa.viewsite.link\/de\/wp-json\/wp\/v2\/media?parent=23863"}],"wp:term":[{"taxonomy":"product_cat","embeddable":true,"href":"https:\/\/tusa.viewsite.link\/de\/wp-json\/wp\/v2\/product_cat?post=23863"},{"taxonomy":"product_tag","embeddable":true,"href":"https:\/\/tusa.viewsite.link\/de\/wp-json\/wp\/v2\/product_tag?post=23863"}],"curies":[{"name":"wp","href":"https:\/\/api.w.org\/{rel}","templated":true}]}}