{"id":23862,"date":"2024-09-09T23:09:23","date_gmt":"2024-09-09T23:09:23","guid":{"rendered":"https:\/\/tusa.viewsite.link\/product\/maske-schnorchel-kombination-fuer-erwachsene\/"},"modified":"2024-09-09T23:09:23","modified_gmt":"2024-09-09T23:09:23","slug":"maske-schnorchel-kombination-fuer-erwachsene","status":"publish","type":"product","link":"https:\/\/tusa.viewsite.link\/de\/produkt\/maske-schnorchel-kombination-fuer-erwachsene\/","title":{"rendered":"Maske\/Schnorchel-Kombination f\u00fcr Erwachsene"},"content":{"rendered":"<p>Die Maske &amp; Schnorchel-Kombination f\u00fcr Erwachsene umfasst eine Maske mit geringem Volumen und weitem Sichtfeld, mit einer Silikonsch\u00fcrze mit rundem Rand, einem One-Touch-Schnallensystem und geh\u00e4rteten Glaslinsen. Der Schnorchel ist mit der exklusiven Hyperdry Elite-Technologie von TUSA ausgestattet, die das Eindringen von Wasser in den Schnorchel reduziert, und verf\u00fcgt \u00fcber eine Ablasskammer und ein Entleerungsventil zum einfachen Reinigen. <\/p>\n<p>&nbsp;<\/p>\n<p><strong>Abmessungen:<\/strong><\/p>\n<p>Abmessungen: 15.6 x 5.3 x 3.5<br \/>\n Produktgewicht: 1.16 lb<\/p>\n","protected":false},"excerpt":{"rendered":"<p>Die Maske &amp; Schnorchelkombination f\u00fcr Erwachsene umfasst eine Maske mit geringem Volumen und weitem Sichtfeld sowie einen Schnorchel mit der exklusiven Hyperdry Elite-Technologie von TUSA.<\/p>\n","protected":false},"featured_media":23868,"comment_status":"closed","ping_status":"closed","template":"","meta":{"_acf_changed":false},"product_cat":[537],"product_tag":[],"class_list":{"0":"post-23862","1":"product","2":"type-product","3":"status-publish","4":"has-post-thumbnail","6":"product_cat-erwachsene-combos","8":"first","9":"instock","10":"purchasable","11":"product-type-variable"},"acf":[],"_links":{"self":[{"href":"https:\/\/tusa.viewsite.link\/de\/wp-json\/wp\/v2\/product\/23862","targetHints":{"allow":["GET"]}}],"collection":[{"href":"https:\/\/tusa.viewsite.link\/de\/wp-json\/wp\/v2\/product"}],"about":[{"href":"https:\/\/tusa.viewsite.link\/de\/wp-json\/wp\/v2\/types\/product"}],"replies":[{"embeddable":true,"href":"https:\/\/tusa.viewsite.link\/de\/wp-json\/wp\/v2\/comments?post=23862"}],"wp:featuredmedia":[{"embeddable":true,"href":"https:\/\/tusa.viewsite.link\/de\/wp-json\/wp\/v2\/media\/23868"}],"wp:attachment":[{"href":"https:\/\/tusa.viewsite.link\/de\/wp-json\/wp\/v2\/media?parent=23862"}],"wp:term":[{"taxonomy":"product_cat","embeddable":true,"href":"https:\/\/tusa.viewsite.link\/de\/wp-json\/wp\/v2\/product_cat?post=23862"},{"taxonomy":"product_tag","embeddable":true,"href":"https:\/\/tusa.viewsite.link\/de\/wp-json\/wp\/v2\/product_tag?post=23862"}],"curies":[{"name":"wp","href":"https:\/\/api.w.org\/{rel}","templated":true}]}}