{"id":23847,"date":"2024-09-09T23:09:23","date_gmt":"2024-09-09T23:09:23","guid":{"rendered":"https:\/\/tusa.viewsite.link\/product\/schnorchelflosse\/"},"modified":"2024-09-09T23:09:23","modified_gmt":"2024-09-09T23:09:23","slug":"schnorchelflosse","status":"publish","type":"product","link":"https:\/\/tusa.viewsite.link\/de\/produkt\/schnorchelflosse\/","title":{"rendered":"Schnorchelflosse"},"content":{"rendered":"<p>Die UF-21 Flossen haben ein fortschrittliches Multi-Flex-Design mit langen Bl\u00e4ttern, Schubkanaltechnologie f\u00fcr \u00fcberlegenen Vortrieb und die Fu\u00dftasche besteht aus einer weichen, haltbaren Mischung, die f\u00fcr Komfort sorgt. Das offene Fersendesign erm\u00f6glicht eine schnelle und einfache Gr\u00f6\u00dfenanpassung und das Silikon-Fersenband verbessert den Komfort und die Haltbarkeit. Diese Flosse ist so konstruiert, dass sie f\u00fcr ihre kompakte Gr\u00f6\u00dfe eine Menge Power bietet. Die Flossen sind leicht und ideal f\u00fcr die Reise. Die branchenf\u00fchrende 3-Jahres-Garantie von TUSA.    <\/p>\n<p>&nbsp;<\/p>\n<p><strong>Abmessungen:<\/strong><\/p>\n<p>13 x 8 x 3 Zoll<\/p>\n","protected":false},"excerpt":{"rendered":"<p>Die UF-21 Flossen haben ein fortschrittliches Multi-Flex-Design mit langen Bl\u00e4ttern, Schubkanaltechnologie f\u00fcr \u00fcberlegenen Vortrieb und die Fu\u00dftasche besteht aus einer weichen, haltbaren Mischung, die f\u00fcr Komfort sorgt.<\/p>\n","protected":false},"featured_media":23853,"comment_status":"closed","ping_status":"closed","template":"","meta":{"_acf_changed":false},"product_cat":[538],"product_tag":[],"class_list":{"0":"post-23847","1":"product","2":"type-product","3":"status-publish","4":"has-post-thumbnail","6":"product_cat-flossen-de","8":"first","9":"instock","10":"purchasable","11":"product-type-variable"},"acf":[],"_links":{"self":[{"href":"https:\/\/tusa.viewsite.link\/de\/wp-json\/wp\/v2\/product\/23847","targetHints":{"allow":["GET"]}}],"collection":[{"href":"https:\/\/tusa.viewsite.link\/de\/wp-json\/wp\/v2\/product"}],"about":[{"href":"https:\/\/tusa.viewsite.link\/de\/wp-json\/wp\/v2\/types\/product"}],"replies":[{"embeddable":true,"href":"https:\/\/tusa.viewsite.link\/de\/wp-json\/wp\/v2\/comments?post=23847"}],"wp:featuredmedia":[{"embeddable":true,"href":"https:\/\/tusa.viewsite.link\/de\/wp-json\/wp\/v2\/media\/23853"}],"wp:attachment":[{"href":"https:\/\/tusa.viewsite.link\/de\/wp-json\/wp\/v2\/media?parent=23847"}],"wp:term":[{"taxonomy":"product_cat","embeddable":true,"href":"https:\/\/tusa.viewsite.link\/de\/wp-json\/wp\/v2\/product_cat?post=23847"},{"taxonomy":"product_tag","embeddable":true,"href":"https:\/\/tusa.viewsite.link\/de\/wp-json\/wp\/v2\/product_tag?post=23847"}],"curies":[{"name":"wp","href":"https:\/\/api.w.org\/{rel}","templated":true}]}}