{"id":23843,"date":"2024-09-09T23:09:11","date_gmt":"2024-09-09T23:09:11","guid":{"rendered":"https:\/\/tusa.viewsite.link\/product\/rettungsmarker\/"},"modified":"2024-09-09T23:09:11","modified_gmt":"2024-09-09T23:09:11","slug":"rettungsmarker","status":"publish","type":"product","link":"https:\/\/tusa.viewsite.link\/de\/produkt\/rettungsmarker\/","title":{"rendered":"Rettungsmarker"},"content":{"rendered":"<p>Der TUSA Rettungsmarker und die SMB (Oberfl\u00e4chenmarkierungsboje) sind ein unsch\u00e4tzbares Hilfsmittel f\u00fcr jeden Taucher, unabh\u00e4ngig von seiner Erfahrung. Eine SMB zeigt an, dass ein Taucher am Boden ist und alarmiert die Oberfl\u00e4che genau, wo Sie sich im Wasser befinden. <\/p>\n<p>&nbsp;<\/p>\n<p><strong>Abmessungen:<\/strong><\/p>\n<p>71 \u00d7 5 Zoll<\/p>\n","protected":false},"excerpt":{"rendered":"<p>Der TUSA Rescue Marker und SMB (Surface Marker Boje) ist ein unsch\u00e4tzbares Werkzeug f\u00fcr jeden Taucher, unabh\u00e4ngig von seiner Erfahrung.<\/p>\n","protected":false},"featured_media":23844,"comment_status":"closed","ping_status":"closed","template":"","meta":{"_acf_changed":false},"product_cat":[532],"product_tag":[],"class_list":{"0":"post-23843","1":"product","2":"type-product","3":"status-publish","4":"has-post-thumbnail","6":"product_cat-zubehor","8":"first","9":"instock","10":"purchasable","11":"product-type-variable"},"acf":[],"_links":{"self":[{"href":"https:\/\/tusa.viewsite.link\/de\/wp-json\/wp\/v2\/product\/23843","targetHints":{"allow":["GET"]}}],"collection":[{"href":"https:\/\/tusa.viewsite.link\/de\/wp-json\/wp\/v2\/product"}],"about":[{"href":"https:\/\/tusa.viewsite.link\/de\/wp-json\/wp\/v2\/types\/product"}],"replies":[{"embeddable":true,"href":"https:\/\/tusa.viewsite.link\/de\/wp-json\/wp\/v2\/comments?post=23843"}],"wp:featuredmedia":[{"embeddable":true,"href":"https:\/\/tusa.viewsite.link\/de\/wp-json\/wp\/v2\/media\/23844"}],"wp:attachment":[{"href":"https:\/\/tusa.viewsite.link\/de\/wp-json\/wp\/v2\/media?parent=23843"}],"wp:term":[{"taxonomy":"product_cat","embeddable":true,"href":"https:\/\/tusa.viewsite.link\/de\/wp-json\/wp\/v2\/product_cat?post=23843"},{"taxonomy":"product_tag","embeddable":true,"href":"https:\/\/tusa.viewsite.link\/de\/wp-json\/wp\/v2\/product_tag?post=23843"}],"curies":[{"name":"wp","href":"https:\/\/api.w.org\/{rel}","templated":true}]}}