{"id":23836,"date":"2024-09-09T23:09:11","date_gmt":"2024-09-09T23:09:11","guid":{"rendered":"https:\/\/tusa.viewsite.link\/product\/kompakte-led-leuchte-weit\/"},"modified":"2024-09-09T23:09:11","modified_gmt":"2024-09-09T23:09:11","slug":"kompakte-led-leuchte-weit","status":"publish","type":"product","link":"https:\/\/tusa.viewsite.link\/de\/produkt\/kompakte-led-leuchte-weit\/","title":{"rendered":"Kompakte LED-Leuchte (Weit)"},"content":{"rendered":"<p>Die TL0001 ist eine kompakte LED-Lampe mit 450 Lumen und einem Abstrahlwinkel von 60 Grad, die mit drei AAA-Zellen betrieben wird. Die TL0001 ist ideal f\u00fcr Tag- und Nachttauchg\u00e4nge. Die Lampe bietet 3 Betriebsmodi, 100%, 30% und Strobe (Blinken) mit einer Laufzeit von 105 Minuten bei voller Leistung. Das kompakte und stromlinienf\u00f6rmige Geh\u00e4use aus eloxiertem Aluminium hat ein dreifach mit O-Ringen abgedichtetes Batteriefach. Der magnetische Schiebeschalter erm\u00f6glicht eine einh\u00e4ndige Bedienung. Die Tauchtiefe betr\u00e4gt 400ft\/120m.     <\/p>\n<p>&nbsp;<\/p>\n<p><strong>Abmessungen:<\/strong><\/p>\n<p>5.1in<\/p>\n","protected":false},"excerpt":{"rendered":"<p>Die TL0001 ist eine kompakte LED-Leuchte mit 450 Lumen und einem Abstrahlwinkel von 60 Grad, die mit drei AAA-Zellen betrieben wird.<\/p>\n","protected":false},"featured_media":23838,"comment_status":"closed","ping_status":"closed","template":"","meta":{"_acf_changed":false},"product_cat":[535],"product_tag":[],"class_list":{"0":"post-23836","1":"product","2":"type-product","3":"status-publish","4":"has-post-thumbnail","6":"product_cat-lichter","8":"first","9":"instock","10":"purchasable","11":"product-type-variable"},"acf":[],"_links":{"self":[{"href":"https:\/\/tusa.viewsite.link\/de\/wp-json\/wp\/v2\/product\/23836","targetHints":{"allow":["GET"]}}],"collection":[{"href":"https:\/\/tusa.viewsite.link\/de\/wp-json\/wp\/v2\/product"}],"about":[{"href":"https:\/\/tusa.viewsite.link\/de\/wp-json\/wp\/v2\/types\/product"}],"replies":[{"embeddable":true,"href":"https:\/\/tusa.viewsite.link\/de\/wp-json\/wp\/v2\/comments?post=23836"}],"wp:featuredmedia":[{"embeddable":true,"href":"https:\/\/tusa.viewsite.link\/de\/wp-json\/wp\/v2\/media\/23838"}],"wp:attachment":[{"href":"https:\/\/tusa.viewsite.link\/de\/wp-json\/wp\/v2\/media?parent=23836"}],"wp:term":[{"taxonomy":"product_cat","embeddable":true,"href":"https:\/\/tusa.viewsite.link\/de\/wp-json\/wp\/v2\/product_cat?post=23836"},{"taxonomy":"product_tag","embeddable":true,"href":"https:\/\/tusa.viewsite.link\/de\/wp-json\/wp\/v2\/product_tag?post=23836"}],"curies":[{"name":"wp","href":"https:\/\/api.w.org\/{rel}","templated":true}]}}