{"id":23827,"date":"2024-09-09T23:09:11","date_gmt":"2024-09-09T23:09:11","guid":{"rendered":"https:\/\/tusa.viewsite.link\/product\/super-anti-beschlag-behandlung\/"},"modified":"2024-09-09T23:09:11","modified_gmt":"2024-09-09T23:09:11","slug":"super-anti-beschlag-behandlung","status":"publish","type":"product","link":"https:\/\/tusa.viewsite.link\/de\/produkt\/super-anti-beschlag-behandlung\/","title":{"rendered":"Super Anti-Beschlag-Behandlung"},"content":{"rendered":"<p>Die Anti-Beschlag-Behandlung wird in einer nicht reizenden L\u00f6sung geliefert. Sie ist lang anhaltend, um eine st\u00e4ndige Anwendung zu vermeiden.  Die L\u00f6sung wird als hochviskose Beschichtungsl\u00f6sung geliefert. Die Anti-Beschlag-Behandlung eignet sich hervorragend, um Schwimmbrillen und Tauchmasken beschlagfrei zu halten und ist einfach anzuwenden. <\/p>\n<p>&nbsp;<\/p>\n<p><strong>Abmessungen:<\/strong><\/p>\n<p>4,88 x 1,85 x 0,63 Zoll<\/p>\n","protected":false},"excerpt":{"rendered":"<p>Die Anti-Beschlag-Behandlung wird in einer nicht reizenden L\u00f6sung geliefert. Sie ist lang anhaltend, um eine st\u00e4ndige Anwendung zu vermeiden. <\/p>\n","protected":false},"featured_media":23832,"comment_status":"closed","ping_status":"closed","template":"","meta":{"_acf_changed":false},"product_cat":[532],"product_tag":[],"class_list":{"0":"post-23827","1":"product","2":"type-product","3":"status-publish","4":"has-post-thumbnail","6":"product_cat-zubehor","8":"first","9":"instock","10":"purchasable","11":"product-type-simple"},"acf":[],"_links":{"self":[{"href":"https:\/\/tusa.viewsite.link\/de\/wp-json\/wp\/v2\/product\/23827","targetHints":{"allow":["GET"]}}],"collection":[{"href":"https:\/\/tusa.viewsite.link\/de\/wp-json\/wp\/v2\/product"}],"about":[{"href":"https:\/\/tusa.viewsite.link\/de\/wp-json\/wp\/v2\/types\/product"}],"replies":[{"embeddable":true,"href":"https:\/\/tusa.viewsite.link\/de\/wp-json\/wp\/v2\/comments?post=23827"}],"wp:featuredmedia":[{"embeddable":true,"href":"https:\/\/tusa.viewsite.link\/de\/wp-json\/wp\/v2\/media\/23832"}],"wp:attachment":[{"href":"https:\/\/tusa.viewsite.link\/de\/wp-json\/wp\/v2\/media?parent=23827"}],"wp:term":[{"taxonomy":"product_cat","embeddable":true,"href":"https:\/\/tusa.viewsite.link\/de\/wp-json\/wp\/v2\/product_cat?post=23827"},{"taxonomy":"product_tag","embeddable":true,"href":"https:\/\/tusa.viewsite.link\/de\/wp-json\/wp\/v2\/product_tag?post=23827"}],"curies":[{"name":"wp","href":"https:\/\/api.w.org\/{rel}","templated":true}]}}