{"id":23820,"date":"2024-09-09T23:09:11","date_gmt":"2024-09-09T23:09:11","guid":{"rendered":"https:\/\/tusa.viewsite.link\/product\/liberator-plus-maske\/"},"modified":"2024-09-09T23:09:11","modified_gmt":"2024-09-09T23:09:11","slug":"liberator-plus-maske","status":"publish","type":"product","link":"https:\/\/tusa.viewsite.link\/de\/produkt\/liberator-plus-maske\/","title":{"rendered":"Liberator Plus Maske"},"content":{"rendered":"<p>Die TM-5700 Liberator Plus Maske ist f\u00fcr viele Taucher die erste Wahl. Sie bietet Komfort und Funktionen f\u00fcr die meisten Gesichter und Tauchstile. Die Liberator Plus verbindet hohe Leistung mit hoher Mode. Die Gl\u00e4ser sind sorgf\u00e4ltig verarbeitet, um optische Klarheit zu gew\u00e4hrleisten, und der Silikonrand sorgt f\u00fcr einen pr\u00e4zisen, bequemen Sitz. Die TM-5700Q bietet Ihnen au\u00dferdem eine gro\u00dfe Auswahl an modischen Rahmenfarben.   &nbsp;  Wie alle TUSA-Masken verf\u00fcgt auch diese \u00fcber eine Vielzahl von Funktionen, die den Komfort erh\u00f6hen und f\u00fcr klare Sicht sorgen.<br \/>\n&nbsp;<\/p>\n<p><strong>Abmessungen:<\/strong><\/p>\n<p>7,5 x 4,1 x 3,8 Zoll<\/p>\n","protected":false},"excerpt":{"rendered":"<p>Die TM-5700 Liberator Plus Maske ist f\u00fcr viele Taucher die erste Wahl. Sie bietet Komfort und Funktionen f\u00fcr die meisten Gesichter und Tauchstile.<\/p>\n","protected":false},"featured_media":23822,"comment_status":"closed","ping_status":"closed","template":"","meta":{"_acf_changed":false},"product_cat":[536],"product_tag":[],"class_list":{"0":"post-23820","1":"product","2":"type-product","3":"status-publish","4":"has-post-thumbnail","6":"product_cat-masken-de","8":"first","9":"instock","10":"purchasable","11":"product-type-variable"},"acf":[],"_links":{"self":[{"href":"https:\/\/tusa.viewsite.link\/de\/wp-json\/wp\/v2\/product\/23820","targetHints":{"allow":["GET"]}}],"collection":[{"href":"https:\/\/tusa.viewsite.link\/de\/wp-json\/wp\/v2\/product"}],"about":[{"href":"https:\/\/tusa.viewsite.link\/de\/wp-json\/wp\/v2\/types\/product"}],"replies":[{"embeddable":true,"href":"https:\/\/tusa.viewsite.link\/de\/wp-json\/wp\/v2\/comments?post=23820"}],"wp:featuredmedia":[{"embeddable":true,"href":"https:\/\/tusa.viewsite.link\/de\/wp-json\/wp\/v2\/media\/23822"}],"wp:attachment":[{"href":"https:\/\/tusa.viewsite.link\/de\/wp-json\/wp\/v2\/media?parent=23820"}],"wp:term":[{"taxonomy":"product_cat","embeddable":true,"href":"https:\/\/tusa.viewsite.link\/de\/wp-json\/wp\/v2\/product_cat?post=23820"},{"taxonomy":"product_tag","embeddable":true,"href":"https:\/\/tusa.viewsite.link\/de\/wp-json\/wp\/v2\/product_tag?post=23820"}],"curies":[{"name":"wp","href":"https:\/\/api.w.org\/{rel}","templated":true}]}}