{"id":23802,"date":"2024-09-09T23:09:11","date_gmt":"2024-09-09T23:09:11","guid":{"rendered":"https:\/\/tusa.viewsite.link\/product\/neoprenanzug-top-fuer-frauen-2mm\/"},"modified":"2024-09-09T23:09:11","modified_gmt":"2024-09-09T23:09:11","slug":"neoprenanzug-top-fuer-frauen-2mm","status":"publish","type":"product","link":"https:\/\/tusa.viewsite.link\/de\/produkt\/neoprenanzug-top-fuer-frauen-2mm\/","title":{"rendered":"Neoprenanzug Top f\u00fcr Frauen 2mm"},"content":{"rendered":"<p>Das Women&#8217;s Wetsuit Top ist Teil unserer Aquatic High Performance Apparel Linie. Die Stoffzusammensetzung besteht aus 100% Polyester f\u00fcr das schwarze Futter und 100% Nylon f\u00fcr das Futter aus gemustertem Stoff, mit einer Dicke von 2,0 mm. Die mittlere Schicht des Stoffes besteht aus gesch\u00e4umtem Chloropren-Kautschuk.  <\/p>\n<p>&nbsp;<\/p>\n<p><strong>Abmessungen:<\/strong><\/p>\n<p>23,93 x 17,76 x 2,76<\/p>\n","protected":false},"excerpt":{"rendered":"<p>Die Stoffzusammensetzung dieses Neoprenoberteils besteht aus 100% Polyester f\u00fcr das schwarze Futter und 100% Nylon f\u00fcr das Futter aus gemustertem Stoff, mit einer Dicke von 2,0 mm.<\/p>\n","protected":false},"featured_media":23809,"comment_status":"closed","ping_status":"closed","template":"","meta":{"_acf_changed":false},"product_cat":[534],"product_tag":[],"class_list":{"0":"post-23802","1":"product","2":"type-product","3":"status-publish","4":"has-post-thumbnail","6":"product_cat-zubehor-de","8":"first","9":"instock","10":"purchasable","11":"product-type-variable"},"acf":[],"_links":{"self":[{"href":"https:\/\/tusa.viewsite.link\/de\/wp-json\/wp\/v2\/product\/23802","targetHints":{"allow":["GET"]}}],"collection":[{"href":"https:\/\/tusa.viewsite.link\/de\/wp-json\/wp\/v2\/product"}],"about":[{"href":"https:\/\/tusa.viewsite.link\/de\/wp-json\/wp\/v2\/types\/product"}],"replies":[{"embeddable":true,"href":"https:\/\/tusa.viewsite.link\/de\/wp-json\/wp\/v2\/comments?post=23802"}],"wp:featuredmedia":[{"embeddable":true,"href":"https:\/\/tusa.viewsite.link\/de\/wp-json\/wp\/v2\/media\/23809"}],"wp:attachment":[{"href":"https:\/\/tusa.viewsite.link\/de\/wp-json\/wp\/v2\/media?parent=23802"}],"wp:term":[{"taxonomy":"product_cat","embeddable":true,"href":"https:\/\/tusa.viewsite.link\/de\/wp-json\/wp\/v2\/product_cat?post=23802"},{"taxonomy":"product_tag","embeddable":true,"href":"https:\/\/tusa.viewsite.link\/de\/wp-json\/wp\/v2\/product_tag?post=23802"}],"curies":[{"name":"wp","href":"https:\/\/api.w.org\/{rel}","templated":true}]}}