{"id":23756,"date":"2024-09-09T23:08:56","date_gmt":"2024-09-09T23:08:56","guid":{"rendered":"https:\/\/tusa.viewsite.link\/product\/schnorchelweste-jugend\/"},"modified":"2024-09-09T23:08:56","modified_gmt":"2024-09-09T23:08:56","slug":"schnorchelweste-jugend","status":"publish","type":"product","link":"https:\/\/tusa.viewsite.link\/de\/produkt\/schnorchelweste-jugend\/","title":{"rendered":"Schnorchelweste (Jugend)"},"content":{"rendered":"<p>Die Schnorchelwesten SV-4500 und SV-2500 bieten gerade genug Auftrieb, Sicherheit und Komfort f\u00fcr einen langen Schnorcheltag ohne Erm\u00fcdung. Die SV-4500 hat die Gr\u00f6\u00dfe f\u00fcr Erwachsene und die SV-2500 die Gr\u00f6\u00dfe f\u00fcr Kinder und Jugendliche. Sie lassen sich im Wasser leicht auf- und abblasen oder an Land zusammenrollen, um sie auf Reisen kompakt zu verstauen.  <\/p>\n<p>&nbsp;<\/p>\n<p><strong>Abmessungen:<\/strong><\/p>\n<p>Material: Nylon (210 Denier), PU beschichtet<br \/>\n Abmessungen: 37.5 x 59.1 in<br \/>\n 95 x 150 cm<\/p>\n<p> Auftrieb: 12.0 lbs \/ 5.4 kg<\/p>\n","protected":false},"excerpt":{"rendered":"<p>Die SV-2500 Schnorchelweste bietet gerade genug Auftrieb, Sicherheit und Komfort f\u00fcr einen langen Schnorcheltag ohne Erm\u00fcdung.<\/p>\n","protected":false},"featured_media":23758,"comment_status":"closed","ping_status":"closed","template":"","meta":{"_acf_changed":false},"product_cat":[534],"product_tag":[],"class_list":{"0":"post-23756","1":"product","2":"type-product","3":"status-publish","4":"has-post-thumbnail","6":"product_cat-zubehor-de","8":"first","9":"instock","10":"purchasable","11":"product-type-simple"},"acf":[],"_links":{"self":[{"href":"https:\/\/tusa.viewsite.link\/de\/wp-json\/wp\/v2\/product\/23756","targetHints":{"allow":["GET"]}}],"collection":[{"href":"https:\/\/tusa.viewsite.link\/de\/wp-json\/wp\/v2\/product"}],"about":[{"href":"https:\/\/tusa.viewsite.link\/de\/wp-json\/wp\/v2\/types\/product"}],"replies":[{"embeddable":true,"href":"https:\/\/tusa.viewsite.link\/de\/wp-json\/wp\/v2\/comments?post=23756"}],"wp:featuredmedia":[{"embeddable":true,"href":"https:\/\/tusa.viewsite.link\/de\/wp-json\/wp\/v2\/media\/23758"}],"wp:attachment":[{"href":"https:\/\/tusa.viewsite.link\/de\/wp-json\/wp\/v2\/media?parent=23756"}],"wp:term":[{"taxonomy":"product_cat","embeddable":true,"href":"https:\/\/tusa.viewsite.link\/de\/wp-json\/wp\/v2\/product_cat?post=23756"},{"taxonomy":"product_tag","embeddable":true,"href":"https:\/\/tusa.viewsite.link\/de\/wp-json\/wp\/v2\/product_tag?post=23756"}],"curies":[{"name":"wp","href":"https:\/\/api.w.org\/{rel}","templated":true}]}}