{"id":23743,"date":"2024-09-09T23:08:56","date_gmt":"2024-09-09T23:08:56","guid":{"rendered":"https:\/\/tusa.viewsite.link\/product\/duo-air-ii-alternativer-inflationsregler\/"},"modified":"2024-09-09T23:08:56","modified_gmt":"2024-09-09T23:08:56","slug":"duo-air-ii-alternativer-inflationsregler","status":"publish","type":"product","link":"https:\/\/tusa.viewsite.link\/de\/produkt\/duo-air-ii-alternativer-inflationsregler\/","title":{"rendered":"Duo Air II Alternativer Inflationsregler"},"content":{"rendered":"<p>Der SS0002 Duo Air II ist eine alternative Luftquelle, die Ihnen auch einen einfach zu bedienenden elektrischen Inflator bietet. Der SS0002 verf\u00fcgt \u00fcber eine Taste zum Aufblasen, eine Taste zum manuellen Aufblasen und Ablassen, eine Taste zum Ablassen mit gro\u00dfem Durchmesser und ein Mundst\u00fcck mit niedrigem Profil. <\/p>\n<p>&nbsp;<\/p>\n<p><strong>Abmessungen:<\/strong><\/p>\n","protected":false},"excerpt":{"rendered":"<p>Der SS0002 Duo Air II ist eine alternative Luftquelle, die Ihnen auch einen einfach zu bedienenden Power Inflator bietet.<\/p>\n","protected":false},"featured_media":23744,"comment_status":"closed","ping_status":"closed","template":"","meta":{"_acf_changed":false},"product_cat":[530],"product_tag":[],"class_list":{"0":"post-23743","1":"product","2":"type-product","3":"status-publish","4":"has-post-thumbnail","6":"product_cat-regulierungsbehorden","8":"first","9":"instock","10":"purchasable","11":"product-type-variable"},"acf":[],"_links":{"self":[{"href":"https:\/\/tusa.viewsite.link\/de\/wp-json\/wp\/v2\/product\/23743","targetHints":{"allow":["GET"]}}],"collection":[{"href":"https:\/\/tusa.viewsite.link\/de\/wp-json\/wp\/v2\/product"}],"about":[{"href":"https:\/\/tusa.viewsite.link\/de\/wp-json\/wp\/v2\/types\/product"}],"replies":[{"embeddable":true,"href":"https:\/\/tusa.viewsite.link\/de\/wp-json\/wp\/v2\/comments?post=23743"}],"wp:featuredmedia":[{"embeddable":true,"href":"https:\/\/tusa.viewsite.link\/de\/wp-json\/wp\/v2\/media\/23744"}],"wp:attachment":[{"href":"https:\/\/tusa.viewsite.link\/de\/wp-json\/wp\/v2\/media?parent=23743"}],"wp:term":[{"taxonomy":"product_cat","embeddable":true,"href":"https:\/\/tusa.viewsite.link\/de\/wp-json\/wp\/v2\/product_cat?post=23743"},{"taxonomy":"product_tag","embeddable":true,"href":"https:\/\/tusa.viewsite.link\/de\/wp-json\/wp\/v2\/product_tag?post=23743"}],"curies":[{"name":"wp","href":"https:\/\/api.w.org\/{rel}","templated":true}]}}