{"id":23686,"date":"2024-09-09T23:08:56","date_gmt":"2024-09-09T23:08:56","guid":{"rendered":"https:\/\/tusa.viewsite.link\/product\/nylon-riemen\/"},"modified":"2024-09-09T23:08:56","modified_gmt":"2024-09-09T23:08:56","slug":"nylon-riemen","status":"publish","type":"product","link":"https:\/\/tusa.viewsite.link\/de\/produkt\/nylon-riemen\/","title":{"rendered":"Nylon-Riemen"},"content":{"rendered":"<p>Das TUSA TC1 Nylon-Armband wurde mit Blick auf Ihren Komfort und Stil entwickelt. Dieses Armband aus strapazierf\u00e4higem, langlebigem und hautfreundlichem Nylonmaterial ist perfekt f\u00fcr jedes Abenteuer, das Sie erleben. Dank der verstellbaren Schnalle und der Ringe aus rostfreiem Stahl l\u00e4sst es sich m\u00fchelos anlegen und einstellen, w\u00e4hrend die Nylonkonstruktion sicherstellt, dass es allen Elementen standh\u00e4lt. Genie\u00dfen Sie den Komfort und die Sicherheit, die Sie haben, wenn Ihr Tauchcomputer sicher mit diesem sch\u00f6nen Armband verbunden ist.   <\/p>\n<p>&nbsp;<\/p>\n<p><strong>Abmessungen:<\/strong><\/p>\n<p>12 x 9,5 x 2,5 Zoll<\/p>\n","protected":false},"excerpt":{"rendered":"<p>Nylon-Sicherheitsgurt f\u00fcr den TUSA TC1 Tauchcomputer f\u00fcr das Handgelenk.<\/p>\n","protected":false},"featured_media":23692,"comment_status":"closed","ping_status":"closed","template":"","meta":{"_acf_changed":false},"product_cat":[532],"product_tag":[],"class_list":{"0":"post-23686","1":"product","2":"type-product","3":"status-publish","4":"has-post-thumbnail","6":"product_cat-zubehor","8":"first","9":"instock","10":"purchasable","11":"product-type-variable"},"acf":[],"_links":{"self":[{"href":"https:\/\/tusa.viewsite.link\/de\/wp-json\/wp\/v2\/product\/23686","targetHints":{"allow":["GET"]}}],"collection":[{"href":"https:\/\/tusa.viewsite.link\/de\/wp-json\/wp\/v2\/product"}],"about":[{"href":"https:\/\/tusa.viewsite.link\/de\/wp-json\/wp\/v2\/types\/product"}],"replies":[{"embeddable":true,"href":"https:\/\/tusa.viewsite.link\/de\/wp-json\/wp\/v2\/comments?post=23686"}],"wp:featuredmedia":[{"embeddable":true,"href":"https:\/\/tusa.viewsite.link\/de\/wp-json\/wp\/v2\/media\/23692"}],"wp:attachment":[{"href":"https:\/\/tusa.viewsite.link\/de\/wp-json\/wp\/v2\/media?parent=23686"}],"wp:term":[{"taxonomy":"product_cat","embeddable":true,"href":"https:\/\/tusa.viewsite.link\/de\/wp-json\/wp\/v2\/product_cat?post=23686"},{"taxonomy":"product_tag","embeddable":true,"href":"https:\/\/tusa.viewsite.link\/de\/wp-json\/wp\/v2\/product_tag?post=23686"}],"curies":[{"name":"wp","href":"https:\/\/api.w.org\/{rel}","templated":true}]}}