{"id":23685,"date":"2024-09-09T23:08:56","date_gmt":"2024-09-09T23:08:56","guid":{"rendered":"https:\/\/tusa.viewsite.link\/product\/hyperdry-elite-ii-schnorchel\/"},"modified":"2024-09-09T23:08:56","modified_gmt":"2024-09-09T23:08:56","slug":"hyperdry-elite-ii-schnorchel","status":"publish","type":"product","link":"https:\/\/tusa.viewsite.link\/de\/produkt\/hyperdry-elite-ii-schnorchel\/","title":{"rendered":"Hyperdry Elite II Schnorchel"},"content":{"rendered":"<p>Unser Hyperdry Elite II verf\u00fcgt \u00fcber ein spezielles Sp\u00fclsystem mit hohem Durchfluss und einem abgedeckten Sp\u00fclventil mit gro\u00dfem Durchmesser f\u00fcr eine schnelle und m\u00fchelose Entleerung. Es reduziert das im Mundst\u00fcck verbleibende Wasser und macht Ihre Tauchg\u00e4nge komfortabler und angenehmer. <\/p>\n<p>  Wir haben den Schnorchel mit einem Komfort-Drehgelenk ausgestattet, das f\u00fcr einen bequemen Sitz sorgt und Sie von der Belastung des Mundst\u00fccks befreit. Der ausgekl\u00fcgelte Drehadapter erm\u00f6glicht ein einfaches Abnehmen des Maskenbandes und bietet Ihnen eine problemlose Befestigung. Dank seiner zweiteiligen Konstruktion kann der Schnorchel gedreht und in einer horizontalen Position befestigt werden, wobei Ihr Komfort an erster Stelle steht.  <\/p>\n<p>&nbsp;<\/p>\n<p><strong>Abmessungen:<\/strong><\/p>\n<p>Internes Volumen: 9.1 ci \/ 149 cc<br \/>\n Abmessungen: 17.9 in x 3.5 in \/ 454 mm x 89 mm<br \/>\n Gewicht: 5.7 oz x 161 g<\/p>\n","protected":false},"excerpt":{"rendered":"<p>Der SP0101 Hyperdry Elite II Schnorchel vereint die besten Eigenschaften der Schnorchel von TUSA in einem. Mit dem flachen, trockenen Oberteil und der abgewinkelten Sp\u00fclkammer war es noch nie so einfach, trocken zu bleiben. <\/p>\n","protected":false},"featured_media":23687,"comment_status":"closed","ping_status":"closed","template":"","meta":{"_acf_changed":false},"product_cat":[531],"product_tag":[],"class_list":{"0":"post-23685","1":"product","2":"type-product","3":"status-publish","4":"has-post-thumbnail","6":"product_cat-schnorchel","8":"first","9":"instock","10":"purchasable","11":"product-type-variable"},"acf":[],"_links":{"self":[{"href":"https:\/\/tusa.viewsite.link\/de\/wp-json\/wp\/v2\/product\/23685","targetHints":{"allow":["GET"]}}],"collection":[{"href":"https:\/\/tusa.viewsite.link\/de\/wp-json\/wp\/v2\/product"}],"about":[{"href":"https:\/\/tusa.viewsite.link\/de\/wp-json\/wp\/v2\/types\/product"}],"replies":[{"embeddable":true,"href":"https:\/\/tusa.viewsite.link\/de\/wp-json\/wp\/v2\/comments?post=23685"}],"wp:featuredmedia":[{"embeddable":true,"href":"https:\/\/tusa.viewsite.link\/de\/wp-json\/wp\/v2\/media\/23687"}],"wp:attachment":[{"href":"https:\/\/tusa.viewsite.link\/de\/wp-json\/wp\/v2\/media?parent=23685"}],"wp:term":[{"taxonomy":"product_cat","embeddable":true,"href":"https:\/\/tusa.viewsite.link\/de\/wp-json\/wp\/v2\/product_cat?post=23685"},{"taxonomy":"product_tag","embeddable":true,"href":"https:\/\/tusa.viewsite.link\/de\/wp-json\/wp\/v2\/product_tag?post=23685"}],"curies":[{"name":"wp","href":"https:\/\/api.w.org\/{rel}","templated":true}]}}