{"id":23668,"date":"2024-09-09T23:08:56","date_gmt":"2024-09-09T23:08:56","guid":{"rendered":"https:\/\/tusa.viewsite.link\/product\/imprex-ii-hyperdry-schnorchel\/"},"modified":"2024-09-09T23:08:56","modified_gmt":"2024-09-09T23:08:56","slug":"imprex-ii-hyperdry-schnorchel","status":"publish","type":"product","link":"https:\/\/tusa.viewsite.link\/de\/produkt\/imprex-ii-hyperdry-schnorchel\/","title":{"rendered":"Imprex II Hyperdry Schnorchel"},"content":{"rendered":"<p>Der SP-580Q Imprex II Hyperdry Schnorchel verf\u00fcgt \u00fcber einen speziellen internen Sp\u00fclkanal unterhalb des Mundst\u00fccks. Er leitet die ausgeatmete Luft oben aus dem Schnorchel heraus, w\u00e4hrend \u00fcbersch\u00fcssiges Wasser durch das untere Ablassventil abflie\u00dft. <\/p>\n<p>&nbsp;<\/p>\n<p><strong>Abmessungen:<\/strong><\/p>\n<p>Internes Volumen: 8.4 ci \/ 138 cc<br \/>\n Abmessungen: 16.9 in x 4.8 in \/ 430 mm x 122 mm<br \/>\n Gewicht: 5.5 oz \/ 156 g<\/p>\n","protected":false},"excerpt":{"rendered":"<p>Der SP-580Q Imprex II Hyperdry Schnorchel hat einen speziellen internen Sp\u00fclkanal unterhalb des Mundst\u00fccks.<\/p>\n","protected":false},"featured_media":23671,"comment_status":"closed","ping_status":"closed","template":"","meta":{"_acf_changed":false},"product_cat":[531],"product_tag":[],"class_list":{"0":"post-23668","1":"product","2":"type-product","3":"status-publish","4":"has-post-thumbnail","6":"product_cat-schnorchel","8":"first","9":"instock","10":"purchasable","11":"product-type-variable"},"acf":[],"_links":{"self":[{"href":"https:\/\/tusa.viewsite.link\/de\/wp-json\/wp\/v2\/product\/23668","targetHints":{"allow":["GET"]}}],"collection":[{"href":"https:\/\/tusa.viewsite.link\/de\/wp-json\/wp\/v2\/product"}],"about":[{"href":"https:\/\/tusa.viewsite.link\/de\/wp-json\/wp\/v2\/types\/product"}],"replies":[{"embeddable":true,"href":"https:\/\/tusa.viewsite.link\/de\/wp-json\/wp\/v2\/comments?post=23668"}],"wp:featuredmedia":[{"embeddable":true,"href":"https:\/\/tusa.viewsite.link\/de\/wp-json\/wp\/v2\/media\/23671"}],"wp:attachment":[{"href":"https:\/\/tusa.viewsite.link\/de\/wp-json\/wp\/v2\/media?parent=23668"}],"wp:term":[{"taxonomy":"product_cat","embeddable":true,"href":"https:\/\/tusa.viewsite.link\/de\/wp-json\/wp\/v2\/product_cat?post=23668"},{"taxonomy":"product_tag","embeddable":true,"href":"https:\/\/tusa.viewsite.link\/de\/wp-json\/wp\/v2\/product_tag?post=23668"}],"curies":[{"name":"wp","href":"https:\/\/api.w.org\/{rel}","templated":true}]}}