{"id":23667,"date":"2024-09-09T23:08:56","date_gmt":"2024-09-09T23:08:56","guid":{"rendered":"https:\/\/tusa.viewsite.link\/product\/fusstasche\/"},"modified":"2024-09-09T23:08:56","modified_gmt":"2024-09-09T23:08:56","slug":"fusstasche","status":"publish","type":"product","link":"https:\/\/tusa.viewsite.link\/de\/produkt\/fusstasche\/","title":{"rendered":"Fu\u00dftasche"},"content":{"rendered":"<p>Erleben Sie unvergleichlichen Tauchkomfort und Leistung mit der TUSA Ersatzfu\u00dftasche. Dieses Ausr\u00fcstungsteil, das f\u00fcr Taucher entwickelt wurde, die Wert auf Qualit\u00e4t und Haltbarkeit legen, sorgt f\u00fcr eine nahtlose Passform mit verschiedenen TUSA Flossenmodellen. Es ist aus hochwertigen Materialien gefertigt und bietet Stabilit\u00e4t und Komfort, selbst unter den h\u00e4rtesten Unterwasserbedingungen. Das ergonomische Design minimiert Erm\u00fcdungserscheinungen, verbessert Ihre Beweglichkeit und erm\u00f6glicht es Ihnen, jeden Tauchgang in vollen Z\u00fcgen zu genie\u00dfen.   <\/p>\n<p>&nbsp;<\/p>\n<p><strong>Abmessungen:<\/strong><\/p>\n<p>Abmessungen: 11.14 \u00d7 5.35 in \/ 28.3 \u00d7 13.6 cm<br \/>\n Gewicht: 1.57 lb \/ .71 kg<\/p>\n","protected":false},"excerpt":{"rendered":"<p>Die TUSA Ersatzfu\u00dftasche wurde f\u00fcr Taucher entwickelt, die Wert auf Qualit\u00e4t und Langlebigkeit legen. Sie gew\u00e4hrleistet eine nahtlose Passform f\u00fcr unsere HyFlex-Systemklingen.<\/p>\n","protected":false},"featured_media":23669,"comment_status":"closed","ping_status":"closed","template":"","meta":{"_acf_changed":false},"product_cat":[525],"product_tag":[],"class_list":{"0":"post-23667","1":"product","2":"type-product","3":"status-publish","4":"has-post-thumbnail","6":"product_cat-flossen","8":"first","9":"instock","10":"purchasable","11":"product-type-simple"},"acf":[],"_links":{"self":[{"href":"https:\/\/tusa.viewsite.link\/de\/wp-json\/wp\/v2\/product\/23667","targetHints":{"allow":["GET"]}}],"collection":[{"href":"https:\/\/tusa.viewsite.link\/de\/wp-json\/wp\/v2\/product"}],"about":[{"href":"https:\/\/tusa.viewsite.link\/de\/wp-json\/wp\/v2\/types\/product"}],"replies":[{"embeddable":true,"href":"https:\/\/tusa.viewsite.link\/de\/wp-json\/wp\/v2\/comments?post=23667"}],"wp:featuredmedia":[{"embeddable":true,"href":"https:\/\/tusa.viewsite.link\/de\/wp-json\/wp\/v2\/media\/23669"}],"wp:attachment":[{"href":"https:\/\/tusa.viewsite.link\/de\/wp-json\/wp\/v2\/media?parent=23667"}],"wp:term":[{"taxonomy":"product_cat","embeddable":true,"href":"https:\/\/tusa.viewsite.link\/de\/wp-json\/wp\/v2\/product_cat?post=23667"},{"taxonomy":"product_tag","embeddable":true,"href":"https:\/\/tusa.viewsite.link\/de\/wp-json\/wp\/v2\/product_tag?post=23667"}],"curies":[{"name":"wp","href":"https:\/\/api.w.org\/{rel}","templated":true}]}}