{"id":23661,"date":"2024-09-09T23:08:56","date_gmt":"2024-09-09T23:08:56","guid":{"rendered":"https:\/\/tusa.viewsite.link\/product\/freedom-film-grosse-1-fenster-masken\/"},"modified":"2024-09-09T23:08:56","modified_gmt":"2024-09-09T23:08:56","slug":"freedom-film-grosse-1-fenster-masken","status":"publish","type":"product","link":"https:\/\/tusa.viewsite.link\/de\/produkt\/freedom-film-grosse-1-fenster-masken\/","title":{"rendered":"Freedom Film Gro\u00dfe 1-Fenster-Masken"},"content":{"rendered":"<p>Die Anti-Beschlag-Folie sorgt daf\u00fcr, dass Ihre Lieblingsmaske beim Tauchen unter Wasser nicht beschl\u00e4gt. Die aus langlebigem Material gefertigte Freedom-Folie l\u00e4sst sich leicht auf jeder gr\u00f6\u00dferen Maske mit einem Fenster anbringen und ist bei richtiger Pflege wiederverwendbar. <\/p>\n<p>&nbsp;<\/p>\n<p><strong>Abmessungen:<\/strong><\/p>\n","protected":false},"excerpt":{"rendered":"<p>Der Anti-Beschlag-Film h\u00e4lt Ihre Lieblingsmaske mit 1 Fenster beim Tauchen beschlagfrei.<\/p>\n","protected":false},"featured_media":23662,"comment_status":"closed","ping_status":"closed","template":"","meta":{"_acf_changed":false},"product_cat":[532],"product_tag":[],"class_list":{"0":"post-23661","1":"product","2":"type-product","3":"status-publish","4":"has-post-thumbnail","6":"product_cat-zubehor","8":"first","9":"instock","10":"purchasable","11":"product-type-simple"},"acf":[],"_links":{"self":[{"href":"https:\/\/tusa.viewsite.link\/de\/wp-json\/wp\/v2\/product\/23661","targetHints":{"allow":["GET"]}}],"collection":[{"href":"https:\/\/tusa.viewsite.link\/de\/wp-json\/wp\/v2\/product"}],"about":[{"href":"https:\/\/tusa.viewsite.link\/de\/wp-json\/wp\/v2\/types\/product"}],"replies":[{"embeddable":true,"href":"https:\/\/tusa.viewsite.link\/de\/wp-json\/wp\/v2\/comments?post=23661"}],"wp:featuredmedia":[{"embeddable":true,"href":"https:\/\/tusa.viewsite.link\/de\/wp-json\/wp\/v2\/media\/23662"}],"wp:attachment":[{"href":"https:\/\/tusa.viewsite.link\/de\/wp-json\/wp\/v2\/media?parent=23661"}],"wp:term":[{"taxonomy":"product_cat","embeddable":true,"href":"https:\/\/tusa.viewsite.link\/de\/wp-json\/wp\/v2\/product_cat?post=23661"},{"taxonomy":"product_tag","embeddable":true,"href":"https:\/\/tusa.viewsite.link\/de\/wp-json\/wp\/v2\/product_tag?post=23661"}],"curies":[{"name":"wp","href":"https:\/\/api.w.org\/{rel}","templated":true}]}}