{"id":23660,"date":"2024-09-09T23:08:56","date_gmt":"2024-09-09T23:08:56","guid":{"rendered":"https:\/\/tusa.viewsite.link\/product\/warmwasser-handschuh-2mm\/"},"modified":"2024-09-09T23:08:56","modified_gmt":"2024-09-09T23:08:56","slug":"warmwasser-handschuh-2mm","status":"publish","type":"product","link":"https:\/\/tusa.viewsite.link\/de\/produkt\/warmwasser-handschuh-2mm\/","title":{"rendered":"Warmwasser-Handschuh 2mm"},"content":{"rendered":"<p>Ein gro\u00dfartiger Warmwasserhandschuh, der im Wasser ein wenig zus\u00e4tzliche Isolierung bietet. Der 2 mm dicke Neoprenhandschuh hat eine Handfl\u00e4che aus synthetischem Wildleder, wenn Sie zus\u00e4tzlichen Grip ben\u00f6tigen. Der TUSA Warmwater Glove ist ideal f\u00fcr alle Wassersportaktivit\u00e4ten.  <\/p>\n<p>&nbsp;<\/p>\n<p><strong>Abmessungen:<\/strong><\/p>\n","protected":false},"excerpt":{"rendered":"<p>Ein gro\u00dfartiger Warmwasserhandschuh, der im Wasser ein wenig zus\u00e4tzliche Isolierung bietet.<\/p>\n","protected":false},"featured_media":23663,"comment_status":"closed","ping_status":"closed","template":"","meta":{"_acf_changed":false},"product_cat":[533],"product_tag":[],"class_list":{"0":"post-23660","1":"product","2":"type-product","3":"status-publish","4":"has-post-thumbnail","6":"product_cat-handschuhe","8":"first","9":"instock","10":"purchasable","11":"product-type-variable"},"acf":[],"_links":{"self":[{"href":"https:\/\/tusa.viewsite.link\/de\/wp-json\/wp\/v2\/product\/23660","targetHints":{"allow":["GET"]}}],"collection":[{"href":"https:\/\/tusa.viewsite.link\/de\/wp-json\/wp\/v2\/product"}],"about":[{"href":"https:\/\/tusa.viewsite.link\/de\/wp-json\/wp\/v2\/types\/product"}],"replies":[{"embeddable":true,"href":"https:\/\/tusa.viewsite.link\/de\/wp-json\/wp\/v2\/comments?post=23660"}],"wp:featuredmedia":[{"embeddable":true,"href":"https:\/\/tusa.viewsite.link\/de\/wp-json\/wp\/v2\/media\/23663"}],"wp:attachment":[{"href":"https:\/\/tusa.viewsite.link\/de\/wp-json\/wp\/v2\/media?parent=23660"}],"wp:term":[{"taxonomy":"product_cat","embeddable":true,"href":"https:\/\/tusa.viewsite.link\/de\/wp-json\/wp\/v2\/product_cat?post=23660"},{"taxonomy":"product_tag","embeddable":true,"href":"https:\/\/tusa.viewsite.link\/de\/wp-json\/wp\/v2\/product_tag?post=23660"}],"curies":[{"name":"wp","href":"https:\/\/api.w.org\/{rel}","templated":true}]}}