{"id":23637,"date":"2024-09-09T23:08:41","date_gmt":"2024-09-09T23:08:41","guid":{"rendered":"https:\/\/tusa.viewsite.link\/product\/hyflex-switch-finne\/"},"modified":"2024-09-09T23:08:41","modified_gmt":"2024-09-09T23:08:41","slug":"hyflex-switch-finne","status":"publish","type":"product","link":"https:\/\/tusa.viewsite.link\/de\/produkt\/hyflex-switch-finne\/","title":{"rendered":"HyFlex Switch Finne"},"content":{"rendered":"<p>Der TUSA SF0104 Hyflex Switch ist mit dem PuRiMaX &#8222;Polyurethane Blade System&#8220; ausgestattet. Die Polyurethan-Klinge sorgt f\u00fcr eine schnelle, &#8222;bissige&#8220; Reaktion auf jede Bewegung des Tauchers.  Der einzigartige &#8222;Wirbelgenerator&#8220; von TUSA reduziert effektiv den Wasserwiderstand beim Flossenschlag, der bei herk\u00f6mmlichen glatten Bl\u00e4ttern auftritt. Die Multi-Compound-Fu\u00dftasche von TUSA erh\u00f6ht die Kraft\u00fcbertragung auf das Flossenblatt. Die TUSA Hyflex Switch ist mit dem neuen Universal Bungee Strap ausgestattet, der au\u00dfergew\u00f6hnlichen Komfort bietet.  <\/p>\n<p>&nbsp;<\/p>\n<p><strong>Abmessungen:<\/strong><\/p>\n","protected":false},"excerpt":{"rendered":"<p>Der TUSA SF0104 Hyflex Switch ist mit dem PuRiMaX &#8222;Polyurethane Blade System&#8220; ausgestattet. Die Polyurethan-Klinge sorgt f\u00fcr eine schnelle, &#8222;bissige&#8220; Reaktion auf jede Bewegung des Tauchers. <\/p>\n","protected":false},"featured_media":23640,"comment_status":"closed","ping_status":"closed","template":"","meta":{"_acf_changed":false},"product_cat":[525],"product_tag":[],"class_list":{"0":"post-23637","1":"product","2":"type-product","3":"status-publish","4":"has-post-thumbnail","6":"product_cat-flossen","8":"first","9":"instock","10":"purchasable","11":"product-type-variable"},"acf":[],"_links":{"self":[{"href":"https:\/\/tusa.viewsite.link\/de\/wp-json\/wp\/v2\/product\/23637","targetHints":{"allow":["GET"]}}],"collection":[{"href":"https:\/\/tusa.viewsite.link\/de\/wp-json\/wp\/v2\/product"}],"about":[{"href":"https:\/\/tusa.viewsite.link\/de\/wp-json\/wp\/v2\/types\/product"}],"replies":[{"embeddable":true,"href":"https:\/\/tusa.viewsite.link\/de\/wp-json\/wp\/v2\/comments?post=23637"}],"wp:featuredmedia":[{"embeddable":true,"href":"https:\/\/tusa.viewsite.link\/de\/wp-json\/wp\/v2\/media\/23640"}],"wp:attachment":[{"href":"https:\/\/tusa.viewsite.link\/de\/wp-json\/wp\/v2\/media?parent=23637"}],"wp:term":[{"taxonomy":"product_cat","embeddable":true,"href":"https:\/\/tusa.viewsite.link\/de\/wp-json\/wp\/v2\/product_cat?post=23637"},{"taxonomy":"product_tag","embeddable":true,"href":"https:\/\/tusa.viewsite.link\/de\/wp-json\/wp\/v2\/product_tag?post=23637"}],"curies":[{"name":"wp","href":"https:\/\/api.w.org\/{rel}","templated":true}]}}